{"id":5518,"date":"2019-03-22T13:09:28","date_gmt":"2019-03-22T12:09:28","guid":{"rendered":"https:\/\/www.lacooperativewelcoop.com\/une-cooperative-de-sante\/notre-gouvernance\/"},"modified":"2025-10-20T11:36:25","modified_gmt":"2025-10-20T09:36:25","slug":"our-governance","status":"publish","type":"page","link":"https:\/\/www.lacooperativewelcoop.com\/en\/a-healthcare-cooperative\/our-governance\/","title":{"rendered":"Our governance"},"content":{"rendered":"\n\n\n\n<header class=\"entry-header header-default \">\n\t\n\t<div class=\"container h-100\">\n\n\t\t<div class=\"row h-100\">\n\n\t\t\t<div class=\"col-sm-8 col-lg-5 col-xl-6 py-4 h-100\">\n\n\n\t\t\t\t\n\t\t\t\t\t<div id=\"breadcrumb\" typeof=\"BreadcrumbList\" vocab=\"https:\/\/schema.org\/\">\n\n\t\t\t\t\t\t<span property=\"itemListElement\" typeof=\"ListItem\"><a property=\"item\" typeof=\"WebPage\" title=\"Go to La Coop\u00e9rative Welcoop.\" href=\"https:\/\/www.lacooperativewelcoop.com\/en\/\" class=\"home\"><span property=\"name\">Home<\/span><\/a><meta property=\"position\" content=\"1\"><\/span><i class=\"far fa-chevron-right sep\"><\/i><span property=\"itemListElement\" typeof=\"ListItem\"><a property=\"item\" typeof=\"WebPage\" title=\"Go to Blog.\" href=\"https:\/\/www.lacooperativewelcoop.com\/en\/blog\/\" class=\"post-root post post-post\"><span property=\"name\">Blog<\/span><\/a><meta property=\"position\" content=\"2\"><\/span>\n\t\t\t\t\t<\/div>\n\n\t\t\t\t\n\n\t\t\t\t<div class=\"content h-100 d-flex justify-content-center flex-column\">\n\n\t\t\t\t\t<div class=\"inner\">\n\n\n\t\t\t\t\t\t<h1 class=\"h1-large header-titre\">A <b>governance<\/b> shared with pharmacists<\/h1>\n\t\t\t\t\t\t\n\n\t\t\t\t\t<\/div>\n\n\t\t\t\t<\/div>\n\n\n\t\t\t<\/div>\n\n\t\t<\/div>\n\n\t\t<img decoding=\"async\" id=\"img-header\" src=\"https:\/\/www.lacooperativewelcoop.com\/wp-content\/uploads\/2019\/05\/welcoop-header-big-6-990x720.png\" alt=\"\" class=\"d-none\">\n\n\n\t\t<div id=\"SVGMainHero\" class=\"col-lg-9 col-xl-7 position-absolute hero pr-0\">\n          <figure class=\"main-hero\">\n            <svg xmlns=\"http:\/\/www.w3.org\/2000\/svg\" xmlns:xlink=\"http:\/\/www.w3.org\/1999\/xlink\" x=\"0px\" y=\"0px\" \t viewBox=\"0 0 990 720\" style=\"enable-background:new 0 0 990 720;\" xml:space=\"preserve\">\n\n\t\t\t<g>\n\t\t\t\t<defs>\n\t\t\t\t\t<path id=\"mainHeroBlock1\" d=\"M990,152.5C820.8,31.8,663.1,0,663.1,0S542.7,252.7,299.5,329C106.7,393,35.4,437.2,8.6,553c-20.4,88,1,144.5,7.1,167H990\n\t\t\tV152.5z\"\/>\n\t\t\t\t<\/defs>\n\t\t\t\t<clipPath id=\"mainHeroBlock2\">\n\t\t\t\t\t<use xlink:href=\"#mainHeroBlock1\" style=\"overflow:visible;\"><\/use>\n\t\t\t\t<\/clipPath>\n\n\t\t\t\t<g style=\"clip-path:url(#mainHeroBlock2);\" transform=\"matrix(1 0 0 1 0 0)\">\n\t\t\t\t\t<image class=\"image\" width=\"100%\" height=\"100%\" xlink:href=\"https:\/\/www.lacooperativewelcoop.com\/wp-content\/uploads\/2019\/05\/welcoop-header-big-6-990x720.png\" ><\/image>\n\t\t\t\t<\/g>\n\t\t\t<\/g>\n\n\t\t\t<path class=\"st0\" d=\"M149.5,483.8c29.5-19.6,126.4-101.2,128.8-147.6C101.4,396.4,34.4,441.6,8.6,553C-3,603.4-1,643.4,3.9,672.7\n\t\tC26.1,604.2,68.8,537.5,149.5,483.8z\"\/>\n\n\t\t\t<\/svg>\n\n          <\/figure>\n\n        <\/div>\n\n\t<\/div>\n\n\t<button type=\"button\" class=\"go-down btn btn-link\"><i class=\"fal fa-25x fa-long-arrow-down\"><\/i><\/button>\n\n\n<\/header><!-- .entry-header -->\n\n\n\n\n<div class=\"section intro bg-light py-6 \">\n\t<div class=\"container\">\n\t\t<div class=\"row\">\n\t\t\t<div class=\"col-lg-5 col-exergue pr-lg-5 pb-5 pb-lg-0\" data-aos=\"fade-up\">\n\t\t\t\t<p class=\"exergue lead mb-0\">\n\t\t\t\t\tThe cooperative is a democratic model which respects above all the human experience and the quality of relationships, while still striving for economic viability.\t\t\t\t<\/p>\t\t\t\t\n\t\t\t<\/div>\n\t\t\t<div class=\"col-lg-7 pl-lg-5 pt-5 pt-lg-0\" data-aos=\"fade-up\" data-aos-delay=\"500\">\n\t\t\t\t<p>Since 1971, governance of The Cooperative has been shared between two complementary entities in constant dialog: the Supervisory Board and the Executive Board. Its economic and relational model is backed by rules to ensure an equitable division of risks and of value produced.<\/p>\n\t\t\t<\/div>\n\t\t<\/div>\n\t<\/div>\n\n<\/div>\n\n\n\n<div class=\"section texte-image bg-white py-5 py-lg-6 \">\n\t<div class=\"container\">\n\t\t<div class=\"row\">\n\t\t\t\n\n\t\t\t\t<div class=\"col-lg-7 pt-5 pt-lg-0\" data-aos=\"fade-up\">\n\t\t\t\t\t<h2><b>The governance of<br \/>\n<\/b><b>The Welcoop Cooperative<\/b><\/h2>\n<ul>\n<li>The Supervisory Board\n<ul>\n<li>Mainly composed of pharmacist-cooperators<\/li>\n<li>Validates big decisions<\/li>\n<li>Controls The Welcoop Cooperative<\/li>\n<li>Determines strategy<\/li>\n<\/ul>\n<\/li>\n<\/ul>\n<ul>\n<li>The Executive Board\n<ul>\n<li>Responsible for managing company<\/li>\n<li>Contributes to the development of the company<\/li>\n<\/ul>\n<\/li>\n<\/ul>\n\t\t\t\t<\/div>\n\n\t\t\t\t<div class=\"col-lg-5 pb-5 pb-lg-0\" data-aos-delay=\"500\" data-aos=\"fade-up\">\n\t\t\t\t\t<img loading=\"lazy\" decoding=\"async\" width=\"445\" height=\"445\" src=\"https:\/\/www.lacooperativewelcoop.com\/wp-content\/uploads\/2019\/08\/Design_CODIR_CS_EN-2-445x445.png\" class=\"img-fluid\" alt=\"\" srcset=\"https:\/\/www.lacooperativewelcoop.com\/wp-content\/uploads\/2019\/08\/Design_CODIR_CS_EN-2-445x445.png 445w, https:\/\/www.lacooperativewelcoop.com\/wp-content\/uploads\/2019\/08\/Design_CODIR_CS_EN-2-768x768.png 768w, https:\/\/www.lacooperativewelcoop.com\/wp-content\/uploads\/2019\/08\/Design_CODIR_CS_EN-2-850x850.png 850w, https:\/\/www.lacooperativewelcoop.com\/wp-content\/uploads\/2019\/08\/Design_CODIR_CS_EN-2-1600x1600.png 1600w, https:\/\/www.lacooperativewelcoop.com\/wp-content\/uploads\/2019\/08\/Design_CODIR_CS_EN-2-400x400.png 400w, https:\/\/www.lacooperativewelcoop.com\/wp-content\/uploads\/2019\/08\/Design_CODIR_CS_EN-2-1110x1110.png 1110w, https:\/\/www.lacooperativewelcoop.com\/wp-content\/uploads\/2019\/08\/Design_CODIR_CS_EN-2.png 1861w\" sizes=\"auto, (max-width: 445px) 100vw, 445px\" \/>\t\t\t\t<\/div>\n\n\t\t\t\t\t<\/div>\n\t<\/div>\n\n<\/div>\n\n\n\n\n<div class=\"section texte py-5 py-lg-6 bg-light \">\n\t\n\t<div class=\"container\">\n\t\t<div class=\"row\">\n\t\t\t<div class=\"col\" data-aos=\"fade-up\">\n\t\t\t\t<h2><b>The Supervisory Board<br \/>\n<\/b><\/h2>\n<p>It is composed of 11 cooperator pharmacists, 1 member of the Cooperation Board and one employee of the Group. It continuously verifies the actions of the Executive Board, whose members it nominates. In order for this to take place, the members of the Supervisory Board and of the Executive Board meet at least 6 times a year. The Executive Board informs the Supervisory Board about budgets, activity and actions of all the subsidiary businesses of the Welcoop Group. Together, they define the strategic orientations of the Group.<\/p>\n\t\t\t<\/div>\n\t\t<\/div>\n\t<\/div>\n\n<\/div>\n\n\n\n\n<div class=\"section image py-5 py-lg-6 bg-white \">\n\t\n\t<div class=\"container\">\n\n\t\t<div class=\"row\">\n\n\t        <div class=\"col\" data-aos=\"fade-up\">\n\n\t\t\t\t<img loading=\"lazy\" decoding=\"async\" width=\"1110\" height=\"758\" src=\"https:\/\/www.lacooperativewelcoop.com\/wp-content\/uploads\/2025\/06\/Design_CS_EN_2025_06-2-1110x758.png\" class=\"img-fluid d-block mx-auto\" alt=\"\" srcset=\"https:\/\/www.lacooperativewelcoop.com\/wp-content\/uploads\/2025\/06\/Design_CS_EN_2025_06-2-1110x758.png 1110w, https:\/\/www.lacooperativewelcoop.com\/wp-content\/uploads\/2025\/06\/Design_CS_EN_2025_06-2-445x304.png 445w, https:\/\/www.lacooperativewelcoop.com\/wp-content\/uploads\/2025\/06\/Design_CS_EN_2025_06-2-850x580.png 850w, https:\/\/www.lacooperativewelcoop.com\/wp-content\/uploads\/2025\/06\/Design_CS_EN_2025_06-2-768x524.png 768w, https:\/\/www.lacooperativewelcoop.com\/wp-content\/uploads\/2025\/06\/Design_CS_EN_2025_06-2-1536x1049.png 1536w, https:\/\/www.lacooperativewelcoop.com\/wp-content\/uploads\/2025\/06\/Design_CS_EN_2025_06-2-2048x1398.png 2048w, https:\/\/www.lacooperativewelcoop.com\/wp-content\/uploads\/2025\/06\/Design_CS_EN_2025_06-2-1600x1092.png 1600w, https:\/\/www.lacooperativewelcoop.com\/wp-content\/uploads\/2025\/06\/Design_CS_EN_2025_06-2-330x225.png 330w, https:\/\/www.lacooperativewelcoop.com\/wp-content\/uploads\/2025\/06\/Design_CS_EN_2025_06-2-379x259.png 379w\" sizes=\"auto, (max-width: 1110px) 100vw, 1110px\" \/>\n\t\t\t<\/div>\n\t\t\t\n\n\t\t<\/div>\n\t<\/div>\n\n<\/div>\n\n\n\n\n\n\n<div class=\"section texte py-5 py-lg-6 bg-light \">\n\t\n\t<div class=\"container\">\n\t\t<div class=\"row\">\n\t\t\t<div class=\"col\" data-aos=\"fade-up\">\n\t\t\t\t<h2><b>The Executive Board<\/b><\/h2>\n<p>Composed of Management and operational specialists in their areas of expertise, the role of the Executive Board is to ensure that The Cooperative and its subsidiaries work well, and to determine their strategy. It creates a synergy of the strategic and operational objectives of each subsidiary and determines how best to achieve them. This management framework for attaining expected performance within allocated means is indispensable, to avoid risk and respect rules which aim to create and share value.<\/p>\n\t\t\t<\/div>\n\t\t<\/div>\n\t<\/div>\n\n<\/div>\n\n\n\n\n<div class=\"section image py-5 py-lg-6 bg-white \">\n\t\n\t<div class=\"container\">\n\n\t\t<div class=\"row\">\n\n\t        <div class=\"col\" data-aos=\"fade-up\">\n\n\t\t\t\t<img loading=\"lazy\" decoding=\"async\" width=\"675\" height=\"675\" src=\"https:\/\/www.lacooperativewelcoop.com\/wp-content\/uploads\/2023\/05\/Directoire-Anglais-e1684140479694.png\" class=\"img-fluid d-block mx-auto\" alt=\"\" srcset=\"https:\/\/www.lacooperativewelcoop.com\/wp-content\/uploads\/2023\/05\/Directoire-Anglais-e1684140479694.png 675w, https:\/\/www.lacooperativewelcoop.com\/wp-content\/uploads\/2023\/05\/Directoire-Anglais-e1684140479694-445x445.png 445w, https:\/\/www.lacooperativewelcoop.com\/wp-content\/uploads\/2023\/05\/Directoire-Anglais-e1684140479694-400x400.png 400w, https:\/\/www.lacooperativewelcoop.com\/wp-content\/uploads\/2023\/05\/Directoire-Anglais-e1684140479694-330x330.png 330w, https:\/\/www.lacooperativewelcoop.com\/wp-content\/uploads\/2023\/05\/Directoire-Anglais-e1684140479694-309x309.png 309w\" sizes=\"auto, (max-width: 675px) 100vw, 675px\" \/>\n\t\t\t<\/div>\n\t\t\t\n\n\t\t<\/div>\n\t<\/div>\n\n<\/div>\n\n\n\n\n\n\n<div class=\"section image py-5 py-lg-6 bg-white \">\n\t\n\t<div class=\"container\">\n\n\t\t<div class=\"row\">\n\n\t        <div class=\"col\" data-aos=\"fade-up\">\n\n\t\t\t\t<img loading=\"lazy\" decoding=\"async\" width=\"1110\" height=\"657\" src=\"https:\/\/www.lacooperativewelcoop.com\/wp-content\/uploads\/2025\/10\/Design_CODIR_2025_10_EN-1110x657.png\" class=\"img-fluid d-block mx-auto\" alt=\"\" srcset=\"https:\/\/www.lacooperativewelcoop.com\/wp-content\/uploads\/2025\/10\/Design_CODIR_2025_10_EN-1110x657.png 1110w, https:\/\/www.lacooperativewelcoop.com\/wp-content\/uploads\/2025\/10\/Design_CODIR_2025_10_EN-445x263.png 445w, https:\/\/www.lacooperativewelcoop.com\/wp-content\/uploads\/2025\/10\/Design_CODIR_2025_10_EN-850x503.png 850w, https:\/\/www.lacooperativewelcoop.com\/wp-content\/uploads\/2025\/10\/Design_CODIR_2025_10_EN-768x455.png 768w, https:\/\/www.lacooperativewelcoop.com\/wp-content\/uploads\/2025\/10\/Design_CODIR_2025_10_EN-1536x909.png 1536w, https:\/\/www.lacooperativewelcoop.com\/wp-content\/uploads\/2025\/10\/Design_CODIR_2025_10_EN-2048x1212.png 2048w, https:\/\/www.lacooperativewelcoop.com\/wp-content\/uploads\/2025\/10\/Design_CODIR_2025_10_EN-1600x947.png 1600w, https:\/\/www.lacooperativewelcoop.com\/wp-content\/uploads\/2025\/10\/Design_CODIR_2025_10_EN-330x195.png 330w, https:\/\/www.lacooperativewelcoop.com\/wp-content\/uploads\/2025\/10\/Design_CODIR_2025_10_EN-379x224.png 379w\" sizes=\"auto, (max-width: 1110px) 100vw, 1110px\" \/>\n\t\t\t<\/div>\n\t\t\t\n\n\t\t<\/div>\n\t<\/div>\n\n<\/div>\n\n\n\n\n\n\n<div class=\"section texte py-5 py-lg-6 bg-white \">\n\t\n\t<div class=\"container\">\n\t\t<div class=\"row\">\n\t\t\t<div class=\"col\" data-aos=\"fade-up\">\n\t\t\t\t<h2><b>Strategic Oversight Committees<br \/>\n<\/b><\/h2>\n<p>Since 2018, in keeping with group strategy, the \u201cPatient Centric\u201d and \u201cNetwork\u201d oversight committees meet monthly. Each committee is composed of members of each relevant subsidiary, thus allowing a significant interaction with, and ownership of, key subjects. The quality of relationships between stakeholders is essential. It gives them a sense of responsibility and protects their interests. The closeness of each member to their customers influences their ability to detect their needs, and thus, to roll out and consolidate new strategic directions.<\/p>\n\t\t\t<\/div>\n\t\t<\/div>\n\t<\/div>\n\n<\/div>","protected":false},"excerpt":{"rendered":"","protected":false},"author":5,"featured_media":1636,"parent":5332,"menu_order":40,"comment_status":"closed","ping_status":"closed","template":"","meta":{"_acf_changed":false,"footnotes":""},"class_list":["post-5518","page","type-page","status-publish","has-post-thumbnail","hentry"],"acf":[],"yoast_head":"<!-- This site is optimized with the Yoast SEO plugin v27.5 - https:\/\/yoast.com\/product\/yoast-seo-wordpress\/ -->\n<title>Our governance - La Coop\u00e9rative Welcoop<\/title>\n<meta name=\"description\" content=\"Welcoop&#039;s framework is based on a democratic model that values the human relations that contribute to its economic viability. Discover our governance.\" \/>\n<meta name=\"robots\" content=\"index, follow, max-snippet:-1, max-image-preview:large, max-video-preview:-1\" \/>\n<link rel=\"canonical\" href=\"https:\/\/www.lacooperativewelcoop.com\/en\/a-healthcare-cooperative\/our-governance\/\" \/>\n<meta property=\"og:locale\" content=\"en_US\" \/>\n<meta property=\"og:type\" content=\"article\" \/>\n<meta property=\"og:title\" content=\"Our governance - La Coop\u00e9rative Welcoop\" \/>\n<meta property=\"og:description\" content=\"Welcoop&#039;s framework is based on a democratic model that values the human relations that contribute to its economic viability. Discover our governance.\" \/>\n<meta property=\"og:url\" content=\"https:\/\/www.lacooperativewelcoop.com\/en\/a-healthcare-cooperative\/our-governance\/\" \/>\n<meta property=\"og:site_name\" content=\"La Coop\u00e9rative Welcoop\" \/>\n<meta property=\"article:publisher\" content=\"https:\/\/www.facebook.com\/lacooperativewelcoop\" \/>\n<meta property=\"article:modified_time\" content=\"2025-10-20T09:36:25+00:00\" \/>\n<meta property=\"og:image\" content=\"https:\/\/www.lacooperativewelcoop.com\/wp-content\/uploads\/2019\/05\/thierry-chapusot-welcoop.jpg\" \/>\n\t<meta property=\"og:image:width\" content=\"1182\" \/>\n\t<meta property=\"og:image:height\" content=\"946\" \/>\n\t<meta property=\"og:image:type\" content=\"image\/jpeg\" \/>\n<meta name=\"twitter:card\" content=\"summary_large_image\" \/>\n<meta name=\"twitter:site\" content=\"@LaCoopWelcoop\" \/>\n<script type=\"application\/ld+json\" class=\"yoast-schema-graph\">{\"@context\":\"https:\\\/\\\/schema.org\",\"@graph\":[{\"@type\":\"WebPage\",\"@id\":\"https:\\\/\\\/www.lacooperativewelcoop.com\\\/en\\\/a-healthcare-cooperative\\\/our-governance\\\/\",\"url\":\"https:\\\/\\\/www.lacooperativewelcoop.com\\\/en\\\/a-healthcare-cooperative\\\/our-governance\\\/\",\"name\":\"Our governance - La Coop\u00e9rative Welcoop\",\"isPartOf\":{\"@id\":\"https:\\\/\\\/www.lacooperativewelcoop.com\\\/#website\"},\"primaryImageOfPage\":{\"@id\":\"https:\\\/\\\/www.lacooperativewelcoop.com\\\/en\\\/a-healthcare-cooperative\\\/our-governance\\\/#primaryimage\"},\"image\":{\"@id\":\"https:\\\/\\\/www.lacooperativewelcoop.com\\\/en\\\/a-healthcare-cooperative\\\/our-governance\\\/#primaryimage\"},\"thumbnailUrl\":\"https:\\\/\\\/www.lacooperativewelcoop.com\\\/wp-content\\\/uploads\\\/2019\\\/05\\\/thierry-chapusot-welcoop.jpg\",\"datePublished\":\"2019-03-22T12:09:28+00:00\",\"dateModified\":\"2025-10-20T09:36:25+00:00\",\"description\":\"Welcoop's framework is based on a democratic model that values the human relations that contribute to its economic viability. Discover our governance.\",\"breadcrumb\":{\"@id\":\"https:\\\/\\\/www.lacooperativewelcoop.com\\\/en\\\/a-healthcare-cooperative\\\/our-governance\\\/#breadcrumb\"},\"inLanguage\":\"en-US\",\"potentialAction\":[{\"@type\":\"ReadAction\",\"target\":[\"https:\\\/\\\/www.lacooperativewelcoop.com\\\/en\\\/a-healthcare-cooperative\\\/our-governance\\\/\"]}]},{\"@type\":\"ImageObject\",\"inLanguage\":\"en-US\",\"@id\":\"https:\\\/\\\/www.lacooperativewelcoop.com\\\/en\\\/a-healthcare-cooperative\\\/our-governance\\\/#primaryimage\",\"url\":\"https:\\\/\\\/www.lacooperativewelcoop.com\\\/wp-content\\\/uploads\\\/2019\\\/05\\\/thierry-chapusot-welcoop.jpg\",\"contentUrl\":\"https:\\\/\\\/www.lacooperativewelcoop.com\\\/wp-content\\\/uploads\\\/2019\\\/05\\\/thierry-chapusot-welcoop.jpg\",\"width\":1182,\"height\":946,\"caption\":\"Thierry Chapusot\"},{\"@type\":\"BreadcrumbList\",\"@id\":\"https:\\\/\\\/www.lacooperativewelcoop.com\\\/en\\\/a-healthcare-cooperative\\\/our-governance\\\/#breadcrumb\",\"itemListElement\":[{\"@type\":\"ListItem\",\"position\":1,\"name\":\"Accueil\",\"item\":\"https:\\\/\\\/www.lacooperativewelcoop.com\\\/en\\\/\"},{\"@type\":\"ListItem\",\"position\":2,\"name\":\"A healthcare cooperative\",\"item\":\"https:\\\/\\\/www.lacooperativewelcoop.com\\\/en\\\/a-healthcare-cooperative\\\/\"},{\"@type\":\"ListItem\",\"position\":3,\"name\":\"Our governance\"}]},{\"@type\":\"WebSite\",\"@id\":\"https:\\\/\\\/www.lacooperativewelcoop.com\\\/#website\",\"url\":\"https:\\\/\\\/www.lacooperativewelcoop.com\\\/\",\"name\":\"La Coop\u00e9rative Welcoop\",\"description\":\"Citoyens de la sant\u00e9 et du bien-\u00eatre\",\"publisher\":{\"@id\":\"https:\\\/\\\/www.lacooperativewelcoop.com\\\/#organization\"},\"potentialAction\":[{\"@type\":\"SearchAction\",\"target\":{\"@type\":\"EntryPoint\",\"urlTemplate\":\"https:\\\/\\\/www.lacooperativewelcoop.com\\\/?s={search_term_string}\"},\"query-input\":{\"@type\":\"PropertyValueSpecification\",\"valueRequired\":true,\"valueName\":\"search_term_string\"}}],\"inLanguage\":\"en-US\"},{\"@type\":\"Organization\",\"@id\":\"https:\\\/\\\/www.lacooperativewelcoop.com\\\/#organization\",\"name\":\"La Coop\u00e9rative Welcoop\",\"url\":\"https:\\\/\\\/www.lacooperativewelcoop.com\\\/\",\"logo\":{\"@type\":\"ImageObject\",\"inLanguage\":\"en-US\",\"@id\":\"https:\\\/\\\/www.lacooperativewelcoop.com\\\/#\\\/schema\\\/logo\\\/image\\\/\",\"url\":\"https:\\\/\\\/www.lacooperativewelcoop.com\\\/wp-content\\\/uploads\\\/2019\\\/08\\\/logo@2x.png\",\"contentUrl\":\"https:\\\/\\\/www.lacooperativewelcoop.com\\\/wp-content\\\/uploads\\\/2019\\\/08\\\/logo@2x.png\",\"width\":400,\"height\":218,\"caption\":\"La Coop\u00e9rative Welcoop\"},\"image\":{\"@id\":\"https:\\\/\\\/www.lacooperativewelcoop.com\\\/#\\\/schema\\\/logo\\\/image\\\/\"},\"sameAs\":[\"https:\\\/\\\/www.facebook.com\\\/lacooperativewelcoop\",\"https:\\\/\\\/x.com\\\/LaCoopWelcoop\",\"https:\\\/\\\/www.instagram.com\\\/lacooperativewelcoop\\\/\",\"https:\\\/\\\/www.linkedin.com\\\/company\\\/la-cooperative-welcoop\\\/\",\"https:\\\/\\\/www.youtube.com\\\/playlist?list=PLgsP06JS6FdCOQzquwK_JyDt9fl52quMf\"]}]}<\/script>\n<!-- \/ Yoast SEO plugin. -->","yoast_head_json":{"title":"Our governance - La Coop\u00e9rative Welcoop","description":"Welcoop's framework is based on a democratic model that values the human relations that contribute to its economic viability. Discover our governance.","robots":{"index":"index","follow":"follow","max-snippet":"max-snippet:-1","max-image-preview":"max-image-preview:large","max-video-preview":"max-video-preview:-1"},"canonical":"https:\/\/www.lacooperativewelcoop.com\/en\/a-healthcare-cooperative\/our-governance\/","og_locale":"en_US","og_type":"article","og_title":"Our governance - La Coop\u00e9rative Welcoop","og_description":"Welcoop's framework is based on a democratic model that values the human relations that contribute to its economic viability. Discover our governance.","og_url":"https:\/\/www.lacooperativewelcoop.com\/en\/a-healthcare-cooperative\/our-governance\/","og_site_name":"La Coop\u00e9rative Welcoop","article_publisher":"https:\/\/www.facebook.com\/lacooperativewelcoop","article_modified_time":"2025-10-20T09:36:25+00:00","og_image":[{"width":1182,"height":946,"url":"https:\/\/www.lacooperativewelcoop.com\/wp-content\/uploads\/2019\/05\/thierry-chapusot-welcoop.jpg","type":"image\/jpeg"}],"twitter_card":"summary_large_image","twitter_site":"@LaCoopWelcoop","schema":{"@context":"https:\/\/schema.org","@graph":[{"@type":"WebPage","@id":"https:\/\/www.lacooperativewelcoop.com\/en\/a-healthcare-cooperative\/our-governance\/","url":"https:\/\/www.lacooperativewelcoop.com\/en\/a-healthcare-cooperative\/our-governance\/","name":"Our governance - La Coop\u00e9rative Welcoop","isPartOf":{"@id":"https:\/\/www.lacooperativewelcoop.com\/#website"},"primaryImageOfPage":{"@id":"https:\/\/www.lacooperativewelcoop.com\/en\/a-healthcare-cooperative\/our-governance\/#primaryimage"},"image":{"@id":"https:\/\/www.lacooperativewelcoop.com\/en\/a-healthcare-cooperative\/our-governance\/#primaryimage"},"thumbnailUrl":"https:\/\/www.lacooperativewelcoop.com\/wp-content\/uploads\/2019\/05\/thierry-chapusot-welcoop.jpg","datePublished":"2019-03-22T12:09:28+00:00","dateModified":"2025-10-20T09:36:25+00:00","description":"Welcoop's framework is based on a democratic model that values the human relations that contribute to its economic viability. Discover our governance.","breadcrumb":{"@id":"https:\/\/www.lacooperativewelcoop.com\/en\/a-healthcare-cooperative\/our-governance\/#breadcrumb"},"inLanguage":"en-US","potentialAction":[{"@type":"ReadAction","target":["https:\/\/www.lacooperativewelcoop.com\/en\/a-healthcare-cooperative\/our-governance\/"]}]},{"@type":"ImageObject","inLanguage":"en-US","@id":"https:\/\/www.lacooperativewelcoop.com\/en\/a-healthcare-cooperative\/our-governance\/#primaryimage","url":"https:\/\/www.lacooperativewelcoop.com\/wp-content\/uploads\/2019\/05\/thierry-chapusot-welcoop.jpg","contentUrl":"https:\/\/www.lacooperativewelcoop.com\/wp-content\/uploads\/2019\/05\/thierry-chapusot-welcoop.jpg","width":1182,"height":946,"caption":"Thierry Chapusot"},{"@type":"BreadcrumbList","@id":"https:\/\/www.lacooperativewelcoop.com\/en\/a-healthcare-cooperative\/our-governance\/#breadcrumb","itemListElement":[{"@type":"ListItem","position":1,"name":"Accueil","item":"https:\/\/www.lacooperativewelcoop.com\/en\/"},{"@type":"ListItem","position":2,"name":"A healthcare cooperative","item":"https:\/\/www.lacooperativewelcoop.com\/en\/a-healthcare-cooperative\/"},{"@type":"ListItem","position":3,"name":"Our governance"}]},{"@type":"WebSite","@id":"https:\/\/www.lacooperativewelcoop.com\/#website","url":"https:\/\/www.lacooperativewelcoop.com\/","name":"La Coop\u00e9rative Welcoop","description":"Citoyens de la sant\u00e9 et du bien-\u00eatre","publisher":{"@id":"https:\/\/www.lacooperativewelcoop.com\/#organization"},"potentialAction":[{"@type":"SearchAction","target":{"@type":"EntryPoint","urlTemplate":"https:\/\/www.lacooperativewelcoop.com\/?s={search_term_string}"},"query-input":{"@type":"PropertyValueSpecification","valueRequired":true,"valueName":"search_term_string"}}],"inLanguage":"en-US"},{"@type":"Organization","@id":"https:\/\/www.lacooperativewelcoop.com\/#organization","name":"La Coop\u00e9rative Welcoop","url":"https:\/\/www.lacooperativewelcoop.com\/","logo":{"@type":"ImageObject","inLanguage":"en-US","@id":"https:\/\/www.lacooperativewelcoop.com\/#\/schema\/logo\/image\/","url":"https:\/\/www.lacooperativewelcoop.com\/wp-content\/uploads\/2019\/08\/logo@2x.png","contentUrl":"https:\/\/www.lacooperativewelcoop.com\/wp-content\/uploads\/2019\/08\/logo@2x.png","width":400,"height":218,"caption":"La Coop\u00e9rative Welcoop"},"image":{"@id":"https:\/\/www.lacooperativewelcoop.com\/#\/schema\/logo\/image\/"},"sameAs":["https:\/\/www.facebook.com\/lacooperativewelcoop","https:\/\/x.com\/LaCoopWelcoop","https:\/\/www.instagram.com\/lacooperativewelcoop\/","https:\/\/www.linkedin.com\/company\/la-cooperative-welcoop\/","https:\/\/www.youtube.com\/playlist?list=PLgsP06JS6FdCOQzquwK_JyDt9fl52quMf"]}]}},"_links":{"self":[{"href":"https:\/\/www.lacooperativewelcoop.com\/en\/wp-json\/wp\/v2\/pages\/5518","targetHints":{"allow":["GET"]}}],"collection":[{"href":"https:\/\/www.lacooperativewelcoop.com\/en\/wp-json\/wp\/v2\/pages"}],"about":[{"href":"https:\/\/www.lacooperativewelcoop.com\/en\/wp-json\/wp\/v2\/types\/page"}],"author":[{"embeddable":true,"href":"https:\/\/www.lacooperativewelcoop.com\/en\/wp-json\/wp\/v2\/users\/5"}],"replies":[{"embeddable":true,"href":"https:\/\/www.lacooperativewelcoop.com\/en\/wp-json\/wp\/v2\/comments?post=5518"}],"version-history":[{"count":62,"href":"https:\/\/www.lacooperativewelcoop.com\/en\/wp-json\/wp\/v2\/pages\/5518\/revisions"}],"predecessor-version":[{"id":22340,"href":"https:\/\/www.lacooperativewelcoop.com\/en\/wp-json\/wp\/v2\/pages\/5518\/revisions\/22340"}],"up":[{"embeddable":true,"href":"https:\/\/www.lacooperativewelcoop.com\/en\/wp-json\/wp\/v2\/pages\/5332"}],"wp:featuredmedia":[{"embeddable":true,"href":"https:\/\/www.lacooperativewelcoop.com\/en\/wp-json\/wp\/v2\/media\/1636"}],"wp:attachment":[{"href":"https:\/\/www.lacooperativewelcoop.com\/en\/wp-json\/wp\/v2\/media?parent=5518"}],"curies":[{"name":"wp","href":"https:\/\/api.w.org\/{rel}","templated":true}]}}