{"id":5595,"date":"2019-03-22T13:10:39","date_gmt":"2019-03-22T12:10:39","guid":{"rendered":"https:\/\/www.lacooperativewelcoop.com\/au-service-des-pharmaciens\/premier-reseau-de-france\/"},"modified":"2019-12-11T12:51:44","modified_gmt":"2019-12-11T11:51:44","slug":"leading-network-in-france","status":"publish","type":"page","link":"https:\/\/www.lacooperativewelcoop.com\/en\/serving-pharmacists\/leading-network-in-france\/","title":{"rendered":"Leading network in France"},"content":{"rendered":"\n\n\n\n<header class=\"entry-header header-default \">\n\t\n\t<div class=\"container h-100\">\n\n\t\t<div class=\"row h-100\">\n\n\t\t\t<div class=\"col-sm-8 col-lg-5 col-xl-6 py-4 h-100\">\n\n\n\t\t\t\t\n\t\t\t\t\t<div id=\"breadcrumb\" typeof=\"BreadcrumbList\" vocab=\"https:\/\/schema.org\/\">\n\n\t\t\t\t\t\t<span property=\"itemListElement\" typeof=\"ListItem\"><a property=\"item\" typeof=\"WebPage\" title=\"Go to La Coop\u00e9rative Welcoop.\" href=\"https:\/\/www.lacooperativewelcoop.com\/en\/\" class=\"home\"><span property=\"name\">Home<\/span><\/a><meta property=\"position\" content=\"1\"><\/span><i class=\"far fa-chevron-right sep\"><\/i><span property=\"itemListElement\" typeof=\"ListItem\"><a property=\"item\" typeof=\"WebPage\" title=\"Go to Blog.\" href=\"https:\/\/www.lacooperativewelcoop.com\/en\/blog\/\" class=\"post-root post post-post\"><span property=\"name\">Blog<\/span><\/a><meta property=\"position\" content=\"2\"><\/span>\n\t\t\t\t\t<\/div>\n\n\t\t\t\t\n\n\t\t\t\t<div class=\"content h-100 d-flex justify-content-center flex-column\">\n\n\t\t\t\t\t<div class=\"inner\">\n\n\n\t\t\t\t\t\t<h1 class=\"h1-large header-titre\">Leading <b>network<\/b> in France<\/h1>\n\t\t\t\t\t\t\n\n\t\t\t\t\t<\/div>\n\n\t\t\t\t<\/div>\n\n\n\t\t\t<\/div>\n\n\t\t<\/div>\n\n\t\t<img decoding=\"async\" id=\"img-header\" src=\"https:\/\/www.lacooperativewelcoop.com\/wp-content\/uploads\/2019\/07\/croix-pharmacie-cote-droit.png\" alt=\"\" class=\"d-none\">\n\n\n\t\t<div id=\"SVGMainHero\" class=\"col-lg-9 col-xl-7 position-absolute hero pr-0\">\n          <figure class=\"main-hero\">\n            <svg xmlns=\"http:\/\/www.w3.org\/2000\/svg\" xmlns:xlink=\"http:\/\/www.w3.org\/1999\/xlink\" x=\"0px\" y=\"0px\" \t viewBox=\"0 0 990 720\" style=\"enable-background:new 0 0 990 720;\" xml:space=\"preserve\">\n\n\t\t\t<g>\n\t\t\t\t<defs>\n\t\t\t\t\t<path id=\"mainHeroBlock1\" d=\"M990,152.5C820.8,31.8,663.1,0,663.1,0S542.7,252.7,299.5,329C106.7,393,35.4,437.2,8.6,553c-20.4,88,1,144.5,7.1,167H990\n\t\t\tV152.5z\"\/>\n\t\t\t\t<\/defs>\n\t\t\t\t<clipPath id=\"mainHeroBlock2\">\n\t\t\t\t\t<use xlink:href=\"#mainHeroBlock1\" style=\"overflow:visible;\"><\/use>\n\t\t\t\t<\/clipPath>\n\n\t\t\t\t<g style=\"clip-path:url(#mainHeroBlock2);\" transform=\"matrix(1 0 0 1 0 0)\">\n\t\t\t\t\t<image class=\"image\" width=\"100%\" height=\"100%\" xlink:href=\"https:\/\/www.lacooperativewelcoop.com\/wp-content\/uploads\/2019\/07\/croix-pharmacie-cote-droit.png\" ><\/image>\n\t\t\t\t<\/g>\n\t\t\t<\/g>\n\n\t\t\t<path class=\"st0\" d=\"M149.5,483.8c29.5-19.6,126.4-101.2,128.8-147.6C101.4,396.4,34.4,441.6,8.6,553C-3,603.4-1,643.4,3.9,672.7\n\t\tC26.1,604.2,68.8,537.5,149.5,483.8z\"\/>\n\n\t\t\t<\/svg>\n\n          <\/figure>\n\n        <\/div>\n\n\t<\/div>\n\n\t<button type=\"button\" class=\"go-down btn btn-link\"><i class=\"fal fa-25x fa-long-arrow-down\"><\/i><\/button>\n\n\n<\/header><!-- .entry-header -->\n\n\n\n\n<div class=\"section intro bg-light py-6 \">\n\t<div class=\"container\">\n\t\t<div class=\"row\">\n\t\t\t<div class=\"col-lg-5 col-exergue pr-lg-5 pb-5 pb-lg-0\" data-aos=\"fade-up\">\n\t\t\t\t<p class=\"exergue lead mb-0\">\n\t\t\t\t\tThe Welcoop Cooperative is a 100% pharmacist-owned cooperative. Today, more than 3800 members have already joined our healthcare cooperative. \r\nA source of pride for everyone.\r\n\t\t\t\t<\/p>\t\t\t\t\n\t\t\t<\/div>\n\t\t\t<div class=\"col-lg-7 pl-lg-5 pt-5 pt-lg-0\" data-aos=\"fade-up\" data-aos-delay=\"500\">\n\t\t\t\t<p>Independent pharmacists have their first network in France. Because needs vary from one pharmacy to the next, we have 4 levels of pharmacist networks. Each pharmacist can choose the best solution. Are you more \u201cCooperator Community\u201d, \u201cObjectif Pharma Group\u201d, \u201cWellpharma\u201d or \u201cAnton &#038; Willem\u201d? Let\u2019s explain in detail, and then you can choose according to your project.<\/p>\n\t\t\t<\/div>\n\t\t<\/div>\n\t<\/div>\n\n<\/div>\n\n\n\n\n<div class=\"section texte-image-callout py-5 py-lg-6 bg-light image-left \">\n\t\n\t<div class=\"container h-100\">\n\n\t\t<div class=\"row justify-content-end align-items-center h-100 \">\n\n\t\t\t<div id=\"SVGMainHero\" class=\"col-lg-9 col-xl-7 position-absolute hero pl-0 d-none d-lg-block\">\n\t          <figure class=\"main-hero\">\n\t            <svg xmlns=\"http:\/\/www.w3.org\/2000\/svg\" xmlns:xlink=\"http:\/\/www.w3.org\/1999\/xlink\" x=\"0px\" y=\"0px\" \t viewBox=\"0 0 1000 775\" style=\"enable-background:new 0 0 1000 775;\" xml:space=\"preserve\">\n\n\t            <path class=\"st1\" d=\"M0,775h1000v-70.7H821c8.2-22.9,17-60.8,23.9-103.7c15.4-95.2-6.9-182.1-54.6-236.6C721.7,285.6,555,253.4,514.4,236.6\n\tC473.8,219.8,294.5,158.2,169.9,0c0,0-124.6,147-124.7,359.1c0,174.4,23.1,227.6,60.2,308.8H0L0,775z\"\/>\n\n\t\t\t\t<g>\n\t\t\t\t\t<defs>\n\t\t\t\t\t\t<path id=\"mainHeroBlockCallout\" d=\"M0,775h1000v-70.7H821c8.2-22.9,17-60.8,23.9-103.7c15.4-95.2-6.9-182.1-54.6-236.6C721.7,285.6,555,253.4,514.4,236.6\n\tC473.8,219.8,294.5,158.2,169.9,0c0,0-124.6,147-124.7,359.1c0,174.4,23.1,227.6,60.2,308.8H0L0,775z\"\/>\n\t\t\t\t\t<\/defs>\n\t\t\t\t\t<clipPath id=\"mainHeroBlockCallout2\">\n\t\t\t\t\t\t<use xlink:href=\"#mainHeroBlockCallout\" style=\"overflow:visible;\"><\/use>\n\t\t\t\t\t<\/clipPath>\n\t\t\t\t\t<g style=\"clip-path:url(#mainHeroBlockCallout2);\" transform=\"matrix(1 0 0 1 0 0)\">\n\t\t\t\t\t\t<image class=\"image slide-image\" width=\"100%\" height=\"100%\" xlink:href=\"https:\/\/www.lacooperativewelcoop.com\/wp-content\/uploads\/2019\/07\/welcoop_communaut\u00e9_cooperateurs-1-e1562255064559-1000x775.jpeg\" ><\/image>\n\t\t\t\t\t<\/g>\n\t\t\t\t<\/g>\n\n\t\t\t\t<path class=\"st0\" d=\"M844.9,600.6c15.4-95.2-6.9-182.1-54.6-236.6C721.7,285.6,555,253.4,514.4,236.6c-0.2-0.1-0.5-0.2-0.8-0.3\n\tc-2.2,4.8-4.2,10.1-5.7,15.9c-13.9,52.7,117.9,165,156.7,191.2c91.7,62,142.6,135.3,170.1,210.9C838.3,638,841.8,619.8,844.9,600.6z\"\/>\n\n\n\n\t\t\t\t<\/svg>\n\n\t          <\/figure>\n\n\t        <\/div>\n\n\t        <div class=\"col-lg-5 py-4 h-100\" data-aos=\"fade-up\">\n\n\t\t\t\t<div class=\"content h-100 d-flex justify-content-center flex-column\">\n\n\t\t\t\t\t<div class=\"inner\">\n\n\t\t\t\t\t\t<h2 class=\"h1 h1-large mb-4\">The Cooperator <b>community<\/b><\/h2><p>The Welcoop Cooperative unites pharmacist-cooperators. Together, they make up the first network in France called <strong>\u201cCitizens for health and well-being\u201d<\/strong>, which brings great benefits to patient-consumers. The Welcoop Cooperative merges technological innovations and changes in the pharmacist profession to increase the efficiency of the economic system of healthcare. This pharmaceutical exclusive ensures pharmacists can deliver the best in services, advice and products.<\/p>\n\n\t\t\t\t\t<\/div>\n\n\t\t\t\t<\/div>\n\n\t\t\t<\/div>\n\t\t\t\n\n\t\t<\/div>\n\t<\/div>\n\n<\/div>\n\n\n\n\n\n<div class=\"section texte-image bg-white py-5 py-lg-6 \">\n\t<div class=\"container\">\n\t\t<div class=\"row\">\n\t\t\t\n\n\t\t\t\t<div class=\"col-lg-7 pt-5 pt-lg-0\" data-aos=\"fade-up\">\n\t\t\t\t\t<h2>Objectif Pharma for day-to-day management<\/h2>\n<p>This pharmacist group is taking control of its own future. Operational excellence and innovation in technology and services are on the menu. The group is first in line for technological advances from The Welcoop Cooperative.<\/p>\n<p>The objective of the pharmacist group \u201cObjectif Pharma\u201d is to offer <strong>day-to-day support<\/strong> to the pharmacist. The network can guide them whether they choose to develop their business, to optimize their skills or improve their performance. Today, more than 500 pharmacists have joined the \u201cObjectif Pharma\u201d group. To learn more and to <a href=\"https:\/\/www.objectif-pharma.com\/nous-contacter.html\" target=\"_blank\" rel=\"noopener\">join us<\/a>.<\/p>\n\t\t\t\t<\/div>\n\n\t\t\t\t<div class=\"col-lg-5 pb-5 pb-lg-0\" data-aos-delay=\"500\" data-aos=\"fade-up\">\n\t\t\t\t\t<img loading=\"lazy\" decoding=\"async\" width=\"305\" height=\"305\" src=\"https:\/\/www.lacooperativewelcoop.com\/wp-content\/uploads\/2019\/06\/welcoop-entites-Objectif-Pharma.png\" class=\"img-fluid\" alt=\"Logo Objectif Pharma\" \/>\t\t\t\t<\/div>\n\n\t\t\t\t\t<\/div>\n\t<\/div>\n\n<\/div>\n\n\n\n<div class=\"section texte-image bg-light py-5 py-lg-6 \">\n\t<div class=\"container\">\n\t\t<div class=\"row\">\n\t\t\t\t\t\t\t\n\t\t\t\t<div class=\"col-lg-5 pb-5 pb-lg-0\" data-aos=\"fade-up\">\n\t\t\t\t\t<img loading=\"lazy\" decoding=\"async\" width=\"305\" height=\"305\" src=\"https:\/\/www.lacooperativewelcoop.com\/wp-content\/uploads\/2019\/06\/welcoop-entites-WellPharma.png\" class=\"img-fluid\" alt=\"Logo Wellpharma\" \/>\t\t\t\t<\/div>\n\t\t\t\t<div class=\"col-lg-7 pt-5 pt-lg-0\" data-aos=\"fade-up\" data-aos-delay=\"500\">\n\t\t\t\t\t<h2>Wellpharma, the goodwill pharmacy<\/h2>\n<p>In a constantly changing pharmaceutical environment, today\u2019s pharmacy must adapt to an ever more demanding consumer. Here, as elsewhere, the consumer is looking for a genuine customer experience. So here is a network open to new consumer habits. The Wellpharma brand <a href=\"https:\/\/www.pharmacienswellpharma.com\/\" target=\"_blank\" rel=\"noopener\">Wellpharma<\/a> embodies the future of pharmacies and is a real <strong>pharmacist community<\/strong> associated with a <strong>loyalty scheme<\/strong>.<\/p>\n<p>Together, they are engaged in a process of constant progress. If you are interested in joining this network, Wellpharma will help you develop innovative entrepreneurship along with a good reputation with customers, while offering know-how and interpersonal skills for you and your pharmacy team.<\/p>\n\t\t\t\t<\/div>\n\n\t\t\t\t\t<\/div>\n\t<\/div>\n\n<\/div>\n\n\n\n<div class=\"section texte-image bg-white py-5 py-lg-6 \">\n\t<div class=\"container\">\n\t\t<div class=\"row\">\n\t\t\t\n\n\t\t\t\t<div class=\"col-lg-7 pt-5 pt-lg-0\" data-aos=\"fade-up\">\n\t\t\t\t\t<h2>Anton &amp; Willem, a different approach to healthcare<\/h2>\n<p>Through its specialization in alternative medicine, the Anton &amp; Willem brand meets a need for those interested in this approach.<\/p>\n<p>A frontrunner in complementary healthcare, Anton &amp; Willem brings together two types of medicine: natural and allopathic. Each person can manage their health in harmony with their lifestyle. This new generation in pharmacy brands offers <strong><a href=\"https:\/\/www.anton-et-willem.fr\/content\/18-qui-sommes-nous\" target=\"_blank\" rel=\"noopener\">a different approach to healthcare<\/a><\/strong>. Constantly growing, this network is aimed at smaller town-center pharmacies.<\/p>\n\t\t\t\t<\/div>\n\n\t\t\t\t<div class=\"col-lg-5 pb-5 pb-lg-0\" data-aos-delay=\"500\" data-aos=\"fade-up\">\n\t\t\t\t\t<img loading=\"lazy\" decoding=\"async\" width=\"305\" height=\"305\" src=\"https:\/\/www.lacooperativewelcoop.com\/wp-content\/uploads\/2019\/06\/welcoop-entites-ANTONWILLEM.png\" class=\"img-fluid\" alt=\"Logo Anton et Willem\" \/>\t\t\t\t<\/div>\n\n\t\t\t\t\t<\/div>\n\t<\/div>\n\n<\/div>\n\n\n\n<div class=\"section devenir-citoyen py-5 py-lg-6 \">\n\t<div class=\"container\">\n\t\t<div class=\"row align-items-center\">\n\n\t\t\t<div class=\"col-xl-8\" data-aos=\"fade-up\">\n\t\t\t\t<h2 class=\"h1 h1-large mb-4\">Become a <b>CITIZEN<\/b><\/h2>\n\t\t\t\t<div class=\"row\">\n\t\t\t\t\t<div class=\"col-md-8\">\n\t\t\t\t\t\t<p>All members of The Welcoop Cooperative, be them cooperative members or employees, are professionals that remain committed to improving the health and well-being of patients. <\/p>\n\t\t\t\t\t<\/div>\n\t\t\t\t<\/div>\n\n\n\t\t\t\t<div class=\"row\">\n\n\n\n\t\t\t\t\t<div class=\"col-md-12 col-groupe\">\n\n\t\t\t\t\t\t\n\t\t\t\t\t\t<h3><b>COOPERATOR<\/b><\/h3>\n\n\t\t\t\t\t\t<a href=\"https:\/\/www.lacooperativewelcoop.com\/en\/serving-pharmacists\/\" target=\"\" class=\"btn btn-primary btn-lg mt-4 mr-2\">Be a citizen<\/a><a href=\"https:\/\/www.lacooperativewelcoop.com\/en\/serving-pharmacists\/join-the-cooperative\/\" target=\"\" class=\"btn btn-light btn-lg mt-4\">Become a citizen<\/a>\n\t\t\t\t\t<\/div>\n\t\t\t\t<\/div>\n\n\t\t\t<\/div>\n\n\t\t\t<div class=\"col-xl-4 d-none d-xl-block\" data-aos=\"fade-up\" data-aos-delay=\"500\">\n\n\t\t\t\t<img src='https:\/\/www.lacooperativewelcoop.com\/wp-content\/themes\/mlp-welcoop\/img\/img-devenir-citoyen.jpg' alt='' class='img-fluid' srcset=\"https:\/\/www.lacooperativewelcoop.com\/wp-content\/themes\/mlp-welcoop\/img\/img-devenir-citoyen.jpg 1x, https:\/\/www.lacooperativewelcoop.com\/wp-content\/themes\/mlp-welcoop\/img\/img-devenir-citoyen@2x.jpg 2x\">\n\t\t\t\t\n\t\t\t<\/div>\n\t\t<\/div>\n\t<\/div>\n\n<\/div>\n","protected":false},"excerpt":{"rendered":"","protected":false},"author":5,"featured_media":1638,"parent":5587,"menu_order":10,"comment_status":"closed","ping_status":"closed","template":"","meta":{"_acf_changed":false,"footnotes":""},"class_list":["post-5595","page","type-page","status-publish","has-post-thumbnail","hentry"],"acf":[],"yoast_head":"<!-- This site is optimized with the Yoast SEO plugin v27.5 - https:\/\/yoast.com\/product\/yoast-seo-wordpress\/ -->\n<title>Leading network of pharmacists in France - La Coop\u00e9rative Welcoop<\/title>\n<meta name=\"description\" content=\"The Welcoop Cooperative is a 100% pharmacist-owned cooperative. More than 3800 members have already joined our healthcare cooperative.\" \/>\n<meta name=\"robots\" content=\"index, follow, max-snippet:-1, max-image-preview:large, max-video-preview:-1\" \/>\n<link rel=\"canonical\" href=\"https:\/\/www.lacooperativewelcoop.com\/en\/serving-pharmacists\/leading-network-in-france\/\" \/>\n<meta property=\"og:locale\" content=\"en_US\" \/>\n<meta property=\"og:type\" content=\"article\" \/>\n<meta property=\"og:title\" content=\"Leading network of pharmacists in France - La Coop\u00e9rative Welcoop\" \/>\n<meta property=\"og:description\" content=\"The Welcoop Cooperative is a 100% pharmacist-owned cooperative. More than 3800 members have already joined our healthcare cooperative.\" \/>\n<meta property=\"og:url\" content=\"https:\/\/www.lacooperativewelcoop.com\/en\/serving-pharmacists\/leading-network-in-france\/\" \/>\n<meta property=\"og:site_name\" content=\"La Coop\u00e9rative Welcoop\" \/>\n<meta property=\"article:publisher\" content=\"https:\/\/www.facebook.com\/lacooperativewelcoop\" \/>\n<meta property=\"article:modified_time\" content=\"2019-12-11T11:51:44+00:00\" \/>\n<meta property=\"og:image\" content=\"https:\/\/www.lacooperativewelcoop.com\/wp-content\/uploads\/2019\/05\/Fotolia_257789713_Subscription_Monthly_M.jpg\" \/>\n\t<meta property=\"og:image:width\" content=\"1647\" \/>\n\t<meta property=\"og:image:height\" content=\"1153\" \/>\n\t<meta property=\"og:image:type\" content=\"image\/jpeg\" \/>\n<meta name=\"twitter:card\" content=\"summary_large_image\" \/>\n<meta name=\"twitter:site\" content=\"@LaCoopWelcoop\" \/>\n<script type=\"application\/ld+json\" class=\"yoast-schema-graph\">{\"@context\":\"https:\\\/\\\/schema.org\",\"@graph\":[{\"@type\":\"WebPage\",\"@id\":\"https:\\\/\\\/www.lacooperativewelcoop.com\\\/en\\\/serving-pharmacists\\\/leading-network-in-france\\\/\",\"url\":\"https:\\\/\\\/www.lacooperativewelcoop.com\\\/en\\\/serving-pharmacists\\\/leading-network-in-france\\\/\",\"name\":\"Leading network of pharmacists in France - La Coop\u00e9rative Welcoop\",\"isPartOf\":{\"@id\":\"https:\\\/\\\/www.lacooperativewelcoop.com\\\/#website\"},\"primaryImageOfPage\":{\"@id\":\"https:\\\/\\\/www.lacooperativewelcoop.com\\\/en\\\/serving-pharmacists\\\/leading-network-in-france\\\/#primaryimage\"},\"image\":{\"@id\":\"https:\\\/\\\/www.lacooperativewelcoop.com\\\/en\\\/serving-pharmacists\\\/leading-network-in-france\\\/#primaryimage\"},\"thumbnailUrl\":\"https:\\\/\\\/www.lacooperativewelcoop.com\\\/wp-content\\\/uploads\\\/2019\\\/05\\\/Fotolia_257789713_Subscription_Monthly_M.jpg\",\"datePublished\":\"2019-03-22T12:10:39+00:00\",\"dateModified\":\"2019-12-11T11:51:44+00:00\",\"description\":\"The Welcoop Cooperative is a 100% pharmacist-owned cooperative. More than 3800 members have already joined our healthcare cooperative.\",\"breadcrumb\":{\"@id\":\"https:\\\/\\\/www.lacooperativewelcoop.com\\\/en\\\/serving-pharmacists\\\/leading-network-in-france\\\/#breadcrumb\"},\"inLanguage\":\"en-US\",\"potentialAction\":[{\"@type\":\"ReadAction\",\"target\":[\"https:\\\/\\\/www.lacooperativewelcoop.com\\\/en\\\/serving-pharmacists\\\/leading-network-in-france\\\/\"]}]},{\"@type\":\"ImageObject\",\"inLanguage\":\"en-US\",\"@id\":\"https:\\\/\\\/www.lacooperativewelcoop.com\\\/en\\\/serving-pharmacists\\\/leading-network-in-france\\\/#primaryimage\",\"url\":\"https:\\\/\\\/www.lacooperativewelcoop.com\\\/wp-content\\\/uploads\\\/2019\\\/05\\\/Fotolia_257789713_Subscription_Monthly_M.jpg\",\"contentUrl\":\"https:\\\/\\\/www.lacooperativewelcoop.com\\\/wp-content\\\/uploads\\\/2019\\\/05\\\/Fotolia_257789713_Subscription_Monthly_M.jpg\",\"width\":1647,\"height\":1153,\"caption\":\"France\"},{\"@type\":\"BreadcrumbList\",\"@id\":\"https:\\\/\\\/www.lacooperativewelcoop.com\\\/en\\\/serving-pharmacists\\\/leading-network-in-france\\\/#breadcrumb\",\"itemListElement\":[{\"@type\":\"ListItem\",\"position\":1,\"name\":\"Accueil\",\"item\":\"https:\\\/\\\/www.lacooperativewelcoop.com\\\/en\\\/\"},{\"@type\":\"ListItem\",\"position\":2,\"name\":\"Serving pharmacists\",\"item\":\"https:\\\/\\\/www.lacooperativewelcoop.com\\\/en\\\/serving-pharmacists\\\/\"},{\"@type\":\"ListItem\",\"position\":3,\"name\":\"Leading network in France\"}]},{\"@type\":\"WebSite\",\"@id\":\"https:\\\/\\\/www.lacooperativewelcoop.com\\\/#website\",\"url\":\"https:\\\/\\\/www.lacooperativewelcoop.com\\\/\",\"name\":\"La Coop\u00e9rative Welcoop\",\"description\":\"Citoyens de la sant\u00e9 et du bien-\u00eatre\",\"publisher\":{\"@id\":\"https:\\\/\\\/www.lacooperativewelcoop.com\\\/#organization\"},\"potentialAction\":[{\"@type\":\"SearchAction\",\"target\":{\"@type\":\"EntryPoint\",\"urlTemplate\":\"https:\\\/\\\/www.lacooperativewelcoop.com\\\/?s={search_term_string}\"},\"query-input\":{\"@type\":\"PropertyValueSpecification\",\"valueRequired\":true,\"valueName\":\"search_term_string\"}}],\"inLanguage\":\"en-US\"},{\"@type\":\"Organization\",\"@id\":\"https:\\\/\\\/www.lacooperativewelcoop.com\\\/#organization\",\"name\":\"La Coop\u00e9rative Welcoop\",\"url\":\"https:\\\/\\\/www.lacooperativewelcoop.com\\\/\",\"logo\":{\"@type\":\"ImageObject\",\"inLanguage\":\"en-US\",\"@id\":\"https:\\\/\\\/www.lacooperativewelcoop.com\\\/#\\\/schema\\\/logo\\\/image\\\/\",\"url\":\"https:\\\/\\\/www.lacooperativewelcoop.com\\\/wp-content\\\/uploads\\\/2019\\\/08\\\/logo@2x.png\",\"contentUrl\":\"https:\\\/\\\/www.lacooperativewelcoop.com\\\/wp-content\\\/uploads\\\/2019\\\/08\\\/logo@2x.png\",\"width\":400,\"height\":218,\"caption\":\"La Coop\u00e9rative Welcoop\"},\"image\":{\"@id\":\"https:\\\/\\\/www.lacooperativewelcoop.com\\\/#\\\/schema\\\/logo\\\/image\\\/\"},\"sameAs\":[\"https:\\\/\\\/www.facebook.com\\\/lacooperativewelcoop\",\"https:\\\/\\\/x.com\\\/LaCoopWelcoop\",\"https:\\\/\\\/www.instagram.com\\\/lacooperativewelcoop\\\/\",\"https:\\\/\\\/www.linkedin.com\\\/company\\\/la-cooperative-welcoop\\\/\",\"https:\\\/\\\/www.youtube.com\\\/playlist?list=PLgsP06JS6FdCOQzquwK_JyDt9fl52quMf\"]}]}<\/script>\n<!-- \/ Yoast SEO plugin. -->","yoast_head_json":{"title":"Leading network of pharmacists in France - La Coop\u00e9rative Welcoop","description":"The Welcoop Cooperative is a 100% pharmacist-owned cooperative. More than 3800 members have already joined our healthcare cooperative.","robots":{"index":"index","follow":"follow","max-snippet":"max-snippet:-1","max-image-preview":"max-image-preview:large","max-video-preview":"max-video-preview:-1"},"canonical":"https:\/\/www.lacooperativewelcoop.com\/en\/serving-pharmacists\/leading-network-in-france\/","og_locale":"en_US","og_type":"article","og_title":"Leading network of pharmacists in France - La Coop\u00e9rative Welcoop","og_description":"The Welcoop Cooperative is a 100% pharmacist-owned cooperative. More than 3800 members have already joined our healthcare cooperative.","og_url":"https:\/\/www.lacooperativewelcoop.com\/en\/serving-pharmacists\/leading-network-in-france\/","og_site_name":"La Coop\u00e9rative Welcoop","article_publisher":"https:\/\/www.facebook.com\/lacooperativewelcoop","article_modified_time":"2019-12-11T11:51:44+00:00","og_image":[{"width":1647,"height":1153,"url":"https:\/\/www.lacooperativewelcoop.com\/wp-content\/uploads\/2019\/05\/Fotolia_257789713_Subscription_Monthly_M.jpg","type":"image\/jpeg"}],"twitter_card":"summary_large_image","twitter_site":"@LaCoopWelcoop","schema":{"@context":"https:\/\/schema.org","@graph":[{"@type":"WebPage","@id":"https:\/\/www.lacooperativewelcoop.com\/en\/serving-pharmacists\/leading-network-in-france\/","url":"https:\/\/www.lacooperativewelcoop.com\/en\/serving-pharmacists\/leading-network-in-france\/","name":"Leading network of pharmacists in France - La Coop\u00e9rative Welcoop","isPartOf":{"@id":"https:\/\/www.lacooperativewelcoop.com\/#website"},"primaryImageOfPage":{"@id":"https:\/\/www.lacooperativewelcoop.com\/en\/serving-pharmacists\/leading-network-in-france\/#primaryimage"},"image":{"@id":"https:\/\/www.lacooperativewelcoop.com\/en\/serving-pharmacists\/leading-network-in-france\/#primaryimage"},"thumbnailUrl":"https:\/\/www.lacooperativewelcoop.com\/wp-content\/uploads\/2019\/05\/Fotolia_257789713_Subscription_Monthly_M.jpg","datePublished":"2019-03-22T12:10:39+00:00","dateModified":"2019-12-11T11:51:44+00:00","description":"The Welcoop Cooperative is a 100% pharmacist-owned cooperative. More than 3800 members have already joined our healthcare cooperative.","breadcrumb":{"@id":"https:\/\/www.lacooperativewelcoop.com\/en\/serving-pharmacists\/leading-network-in-france\/#breadcrumb"},"inLanguage":"en-US","potentialAction":[{"@type":"ReadAction","target":["https:\/\/www.lacooperativewelcoop.com\/en\/serving-pharmacists\/leading-network-in-france\/"]}]},{"@type":"ImageObject","inLanguage":"en-US","@id":"https:\/\/www.lacooperativewelcoop.com\/en\/serving-pharmacists\/leading-network-in-france\/#primaryimage","url":"https:\/\/www.lacooperativewelcoop.com\/wp-content\/uploads\/2019\/05\/Fotolia_257789713_Subscription_Monthly_M.jpg","contentUrl":"https:\/\/www.lacooperativewelcoop.com\/wp-content\/uploads\/2019\/05\/Fotolia_257789713_Subscription_Monthly_M.jpg","width":1647,"height":1153,"caption":"France"},{"@type":"BreadcrumbList","@id":"https:\/\/www.lacooperativewelcoop.com\/en\/serving-pharmacists\/leading-network-in-france\/#breadcrumb","itemListElement":[{"@type":"ListItem","position":1,"name":"Accueil","item":"https:\/\/www.lacooperativewelcoop.com\/en\/"},{"@type":"ListItem","position":2,"name":"Serving pharmacists","item":"https:\/\/www.lacooperativewelcoop.com\/en\/serving-pharmacists\/"},{"@type":"ListItem","position":3,"name":"Leading network in France"}]},{"@type":"WebSite","@id":"https:\/\/www.lacooperativewelcoop.com\/#website","url":"https:\/\/www.lacooperativewelcoop.com\/","name":"La Coop\u00e9rative Welcoop","description":"Citoyens de la sant\u00e9 et du bien-\u00eatre","publisher":{"@id":"https:\/\/www.lacooperativewelcoop.com\/#organization"},"potentialAction":[{"@type":"SearchAction","target":{"@type":"EntryPoint","urlTemplate":"https:\/\/www.lacooperativewelcoop.com\/?s={search_term_string}"},"query-input":{"@type":"PropertyValueSpecification","valueRequired":true,"valueName":"search_term_string"}}],"inLanguage":"en-US"},{"@type":"Organization","@id":"https:\/\/www.lacooperativewelcoop.com\/#organization","name":"La Coop\u00e9rative Welcoop","url":"https:\/\/www.lacooperativewelcoop.com\/","logo":{"@type":"ImageObject","inLanguage":"en-US","@id":"https:\/\/www.lacooperativewelcoop.com\/#\/schema\/logo\/image\/","url":"https:\/\/www.lacooperativewelcoop.com\/wp-content\/uploads\/2019\/08\/logo@2x.png","contentUrl":"https:\/\/www.lacooperativewelcoop.com\/wp-content\/uploads\/2019\/08\/logo@2x.png","width":400,"height":218,"caption":"La Coop\u00e9rative Welcoop"},"image":{"@id":"https:\/\/www.lacooperativewelcoop.com\/#\/schema\/logo\/image\/"},"sameAs":["https:\/\/www.facebook.com\/lacooperativewelcoop","https:\/\/x.com\/LaCoopWelcoop","https:\/\/www.instagram.com\/lacooperativewelcoop\/","https:\/\/www.linkedin.com\/company\/la-cooperative-welcoop\/","https:\/\/www.youtube.com\/playlist?list=PLgsP06JS6FdCOQzquwK_JyDt9fl52quMf"]}]}},"_links":{"self":[{"href":"https:\/\/www.lacooperativewelcoop.com\/en\/wp-json\/wp\/v2\/pages\/5595","targetHints":{"allow":["GET"]}}],"collection":[{"href":"https:\/\/www.lacooperativewelcoop.com\/en\/wp-json\/wp\/v2\/pages"}],"about":[{"href":"https:\/\/www.lacooperativewelcoop.com\/en\/wp-json\/wp\/v2\/types\/page"}],"author":[{"embeddable":true,"href":"https:\/\/www.lacooperativewelcoop.com\/en\/wp-json\/wp\/v2\/users\/5"}],"replies":[{"embeddable":true,"href":"https:\/\/www.lacooperativewelcoop.com\/en\/wp-json\/wp\/v2\/comments?post=5595"}],"version-history":[{"count":6,"href":"https:\/\/www.lacooperativewelcoop.com\/en\/wp-json\/wp\/v2\/pages\/5595\/revisions"}],"predecessor-version":[{"id":6882,"href":"https:\/\/www.lacooperativewelcoop.com\/en\/wp-json\/wp\/v2\/pages\/5595\/revisions\/6882"}],"up":[{"embeddable":true,"href":"https:\/\/www.lacooperativewelcoop.com\/en\/wp-json\/wp\/v2\/pages\/5587"}],"wp:featuredmedia":[{"embeddable":true,"href":"https:\/\/www.lacooperativewelcoop.com\/en\/wp-json\/wp\/v2\/media\/1638"}],"wp:attachment":[{"href":"https:\/\/www.lacooperativewelcoop.com\/en\/wp-json\/wp\/v2\/media?parent=5595"}],"curies":[{"name":"wp","href":"https:\/\/api.w.org\/{rel}","templated":true}]}}