{"id":5622,"date":"2019-03-10T15:55:20","date_gmt":"2019-03-10T14:55:20","guid":{"rendered":"https:\/\/www.lacooperativewelcoop.com\/au-service-des-patients\/"},"modified":"2019-12-11T15:26:53","modified_gmt":"2019-12-11T14:26:53","slug":"serving-patients","status":"publish","type":"page","link":"https:\/\/www.lacooperativewelcoop.com\/en\/serving-patients\/","title":{"rendered":"Serving patients"},"content":{"rendered":"\n\n\n\n<div class=\"container \">\n\n\t<div class=\"row\">\n\n\t\t<div class=\"col py-4\">\n\n\t\t\t\n\t\t\t\t<div id=\"breadcrumb\" typeof=\"BreadcrumbList\" vocab=\"https:\/\/schema.org\/\">\n\n\t\t\t\t\t<span property=\"itemListElement\" typeof=\"ListItem\"><a property=\"item\" typeof=\"WebPage\" title=\"Go to La Coop\u00e9rative Welcoop.\" href=\"https:\/\/www.lacooperativewelcoop.com\/en\/\" class=\"home\"><span property=\"name\">Home<\/span><\/a><meta property=\"position\" content=\"1\"><\/span><i class=\"far fa-chevron-right sep\"><\/i><span property=\"itemListElement\" typeof=\"ListItem\"><a property=\"item\" typeof=\"WebPage\" title=\"Go to Blog.\" href=\"https:\/\/www.lacooperativewelcoop.com\/en\/blog\/\" class=\"post-root post post-post\"><span property=\"name\">Blog<\/span><\/a><meta property=\"position\" content=\"2\"><\/span>\n\t\t\t\t<\/div>\n\n\t\t\t\n\t\t<\/div>\n\n\t<\/div>\n\n<\/div>\n\n<header class=\"entry-header header-light\" style=\"background-image: url(https:\/\/www.lacooperativewelcoop.com\/wp-content\/uploads\/2019\/07\/welcoop_service_patients.png);\">\n\t\n\t<div class=\"container h-100\">\n\n\t\t<div class=\"row justify-content-end align-items-center h-100\">\n\t\t\t<div class=\"col-lg-7\">\n\n\t\t\t\t<div class=\"inner\">\n\n\t\t\t\t\t<h1 class=\"h1-large header-titre\">We are dedicated to serving <b>PATIENTS<\/b><\/h1>\n\n\t\t\t\t\t\n\t\t\t\t<\/div>\n\t\t\t\t\n\t\t\t\t\t\t\t\t\t<button type=\"button\" class=\"go-down btn btn-link mt-3\"><i class=\"fal fa-25x fa-long-arrow-down\"><\/i><\/button>\n\t\t\t\t\n\t\t\t<\/div>\n\n\t\t<\/div>\n\t\t\n\t<\/div>\n\n<\/header><!-- .entry-header -->\n\n\n\n\n<div class=\"section intro bg-light py-6 \">\n\t<div class=\"container\">\n\t\t<div class=\"row\">\n\t\t\t<div class=\"col-lg-5 col-exergue pr-lg-5 pb-5 pb-lg-0\" data-aos=\"fade-up\">\n\t\t\t\t<p class=\"exergue lead mb-0\">\n\t\t\t\t\tThe Welcoop Cooperative goes further. As Citizens for Health and Well-being, we put patients and their data at the heart of care methods.\t\t\t\t<\/p>\t\t\t\t\n\t\t\t<\/div>\n\t\t\t<div class=\"col-lg-7 pl-lg-5 pt-5 pt-lg-0\" data-aos=\"fade-up\" data-aos-delay=\"500\">\n\t\t\t\t<p>Welcoop places itself here as a structuring stakeholder in the healthcare system which is faced with necessary modernization. The cooperative brings quality global treatment to users, efficient and tailored to each stage of the patient healthcare journey.<\/p>\n\t\t\t<\/div>\n\t\t<\/div>\n\t<\/div>\n\n<\/div>\n\n\n\n\n<div class=\"section texte-image-callout py-5 py-lg-6 bg-white image-right \">\n\t\n\t<div class=\"container h-100\">\n\n\t\t<div class=\"row justify-content-end align-items-center h-100 flex-row-reverse\">\n\n\t\t\t<div id=\"SVGMainHero\" class=\"col-lg-9 col-xl-7 position-absolute hero pl-0 d-none d-lg-block\">\n\t          <figure class=\"main-hero\">\n\t            <svg xmlns=\"http:\/\/www.w3.org\/2000\/svg\" xmlns:xlink=\"http:\/\/www.w3.org\/1999\/xlink\" x=\"0px\" y=\"0px\" \t viewBox=\"0 0 1000 775\" style=\"enable-background:new 0 0 1000 775;\" xml:space=\"preserve\">\n\n\t            <path class=\"st1\" d=\"M0,775h1000v-70.7H821c8.2-22.9,17-60.8,23.9-103.7c15.4-95.2-6.9-182.1-54.6-236.6C721.7,285.6,555,253.4,514.4,236.6\n\tC473.8,219.8,294.5,158.2,169.9,0c0,0-124.6,147-124.7,359.1c0,174.4,23.1,227.6,60.2,308.8H0L0,775z\"\/>\n\n\t\t\t\t<g>\n\t\t\t\t\t<defs>\n\t\t\t\t\t\t<path id=\"mainHeroBlockCallout\" d=\"M0,775h1000v-70.7H821c8.2-22.9,17-60.8,23.9-103.7c15.4-95.2-6.9-182.1-54.6-236.6C721.7,285.6,555,253.4,514.4,236.6\n\tC473.8,219.8,294.5,158.2,169.9,0c0,0-124.6,147-124.7,359.1c0,174.4,23.1,227.6,60.2,308.8H0L0,775z\"\/>\n\t\t\t\t\t<\/defs>\n\t\t\t\t\t<clipPath id=\"mainHeroBlockCallout2\">\n\t\t\t\t\t\t<use xlink:href=\"#mainHeroBlockCallout\" style=\"overflow:visible;\"><\/use>\n\t\t\t\t\t<\/clipPath>\n\t\t\t\t\t<g style=\"clip-path:url(#mainHeroBlockCallout2);\" transform=\"matrix(1 0 0 1 0 0)\">\n\t\t\t\t\t\t<image class=\"image slide-image\" width=\"100%\" height=\"100%\" xlink:href=\"https:\/\/www.lacooperativewelcoop.com\/wp-content\/uploads\/2019\/08\/welcoop_patient_partenaire-e1565775275502-1000x775.jpeg\" ><\/image>\n\t\t\t\t\t<\/g>\n\t\t\t\t<\/g>\n\n\t\t\t\t<path class=\"st0\" d=\"M844.9,600.6c15.4-95.2-6.9-182.1-54.6-236.6C721.7,285.6,555,253.4,514.4,236.6c-0.2-0.1-0.5-0.2-0.8-0.3\n\tc-2.2,4.8-4.2,10.1-5.7,15.9c-13.9,52.7,117.9,165,156.7,191.2c91.7,62,142.6,135.3,170.1,210.9C838.3,638,841.8,619.8,844.9,600.6z\"\/>\n\n\n\n\t\t\t\t<\/svg>\n\n\t          <\/figure>\n\n\t        <\/div>\n\n\t        <div class=\"col-lg-5 py-4 h-100\" data-aos=\"fade-up\">\n\n\t\t\t\t<div class=\"content h-100 d-flex justify-content-center flex-column\">\n\n\t\t\t\t\t<div class=\"inner\">\n\n\t\t\t\t\t\t<h2 class=\"h1 h1-large mb-4\">Patients <b>AT THE CENTER<\/b> of relationships<\/h2><p>As \u201cCitizens for Health and Well-Being\u201d, we choose to ask two questions for all new projects: is it beneficial for patients? How does it contribute to the efficiency of the healthcare system?<\/p>\n\n\t\t\t\t\t<\/div>\n\n\t\t\t\t<\/div>\n\n\t\t\t<\/div>\n\t\t\t\n\n\t\t<\/div>\n\t<\/div>\n\n<\/div>\n\n\n\n\n\n\n<div class=\"section texte py-5 py-lg-6 bg-white \">\n\t\n\t<div class=\"container\">\n\t\t<div class=\"row\">\n\t\t\t<div class=\"col\" data-aos=\"fade-up\">\n\t\t\t\t<p>While organizing their healthcare journey, patients regularly meet numerous healthcare and paramedical professionals. So many points of contact that must prioritize patient independence, in a secure framework. In addition, these treatments take place in different places: pharmacies, medical or paramedical consulting rooms, at home, in hospitals or care and nursing homes or even while on the move using teleconsultations.<\/p>\n\t\t\t<\/div>\n\t\t<\/div>\n\t<\/div>\n\n<\/div>\n\n\n\n\n<div class=\"section texte-image-callout py-5 py-lg-6 bg-light image-left \">\n\t\n\t<div class=\"container h-100\">\n\n\t\t<div class=\"row justify-content-end align-items-center h-100 \">\n\n\t\t\t<div id=\"SVGMainHero\" class=\"col-lg-9 col-xl-7 position-absolute hero pl-0 d-none d-lg-block\">\n\t          <figure class=\"main-hero\">\n\t            <svg xmlns=\"http:\/\/www.w3.org\/2000\/svg\" xmlns:xlink=\"http:\/\/www.w3.org\/1999\/xlink\" x=\"0px\" y=\"0px\" \t viewBox=\"0 0 1000 775\" style=\"enable-background:new 0 0 1000 775;\" xml:space=\"preserve\">\n\n\t            <path class=\"st1\" d=\"M0,775h1000v-70.7H821c8.2-22.9,17-60.8,23.9-103.7c15.4-95.2-6.9-182.1-54.6-236.6C721.7,285.6,555,253.4,514.4,236.6\n\tC473.8,219.8,294.5,158.2,169.9,0c0,0-124.6,147-124.7,359.1c0,174.4,23.1,227.6,60.2,308.8H0L0,775z\"\/>\n\n\t\t\t\t<g>\n\t\t\t\t\t<defs>\n\t\t\t\t\t\t<path id=\"mainHeroBlockCallout\" d=\"M0,775h1000v-70.7H821c8.2-22.9,17-60.8,23.9-103.7c15.4-95.2-6.9-182.1-54.6-236.6C721.7,285.6,555,253.4,514.4,236.6\n\tC473.8,219.8,294.5,158.2,169.9,0c0,0-124.6,147-124.7,359.1c0,174.4,23.1,227.6,60.2,308.8H0L0,775z\"\/>\n\t\t\t\t\t<\/defs>\n\t\t\t\t\t<clipPath id=\"mainHeroBlockCallout2\">\n\t\t\t\t\t\t<use xlink:href=\"#mainHeroBlockCallout\" style=\"overflow:visible;\"><\/use>\n\t\t\t\t\t<\/clipPath>\n\t\t\t\t\t<g style=\"clip-path:url(#mainHeroBlockCallout2);\" transform=\"matrix(1 0 0 1 0 0)\">\n\t\t\t\t\t\t<image class=\"image slide-image\" width=\"100%\" height=\"100%\" xlink:href=\"https:\/\/www.lacooperativewelcoop.com\/wp-content\/uploads\/2019\/07\/welcoop_patient_centre-1-1000x775.jpg\" ><\/image>\n\t\t\t\t\t<\/g>\n\t\t\t\t<\/g>\n\n\t\t\t\t<path class=\"st0\" d=\"M844.9,600.6c15.4-95.2-6.9-182.1-54.6-236.6C721.7,285.6,555,253.4,514.4,236.6c-0.2-0.1-0.5-0.2-0.8-0.3\n\tc-2.2,4.8-4.2,10.1-5.7,15.9c-13.9,52.7,117.9,165,156.7,191.2c91.7,62,142.6,135.3,170.1,210.9C838.3,638,841.8,619.8,844.9,600.6z\"\/>\n\n\n\n\t\t\t\t<\/svg>\n\n\t          <\/figure>\n\n\t        <\/div>\n\n\t        <div class=\"col-lg-5 py-4 h-100\" data-aos=\"fade-up\">\n\n\t\t\t\t<div class=\"content h-100 d-flex justify-content-center flex-column\">\n\n\t\t\t\t\t<div class=\"inner\">\n\n\t\t\t\t\t\t<h2 class=\"h1 h1-large mb-4\">Patients and <b>PARTNERS<\/b><\/h2><p>For each aspect of healthcare, and for patients themselves, the need for coordination is clear. Welcoop is present at each step in the chain of actors and care. Our teams have both a global view of the healthcare system and a detailed vision of each component which makes it up. From this point of view, patient experience is essential to optimizing the healthcare system. Here, patients have a true partner status in the choice of projects undertaken by The Welcoop Cooperative.<\/p>\n\n\t\t\t\t\t<\/div>\n\n\t\t\t\t<\/div>\n\n\t\t\t<\/div>\n\t\t\t\n\n\t\t<\/div>\n\t<\/div>\n\n<\/div>\n\n\n\n\n\n\n<div class=\"section texte py-5 py-lg-6 bg-white \">\n\t\n\t<div class=\"container\">\n\t\t<div class=\"row\">\n\t\t\t<div class=\"col\" data-aos=\"fade-up\">\n\t\t\t\t<h2><b>Health and well-being markers<\/b><\/h2>\n<p>We are guided by the quality of treatment and interactions between patients and healthcare professionals: smoothing access to treatments, as well as issuing prescriptions securely or encouraging treatment compliance. We aim to anticipate and remedy possible lack of continuity during treatment. In the same way, our objective is to establish guidelines for emergency room access or hospitalization; and encourage home healthcare whenever possible. Quite simply, we aim to improve the health and well-being of patients.<\/p>\n<p>Welcoop and its subsidiaries ensure close links between healthcare actors. For this reason, we can now put in place the first healthcare platform dedicated to communication between all healthcare professionals, and healthcare establishments, that form part of patient healthcare journeys. Pharmacists, doctors, nurses, hospital staff, home healthcare or care home specialists, patients or caregivers \u2013 an ecosystem unique in France and in Europe which uses the best of technology to improve the human experience, and to meet the objectives of the public health system.<\/p>\n\t\t\t<\/div>\n\t\t<\/div>\n\t<\/div>\n\n<\/div>\n\n\n\n\n<div class=\"section texte-image-callout py-5 py-lg-6 bg-light image-right \">\n\t\n\t<div class=\"container h-100\">\n\n\t\t<div class=\"row justify-content-end align-items-center h-100 flex-row-reverse\">\n\n\t\t\t<div id=\"SVGMainHero\" class=\"col-lg-9 col-xl-7 position-absolute hero pl-0 d-none d-lg-block\">\n\t          <figure class=\"main-hero\">\n\t            <svg xmlns=\"http:\/\/www.w3.org\/2000\/svg\" xmlns:xlink=\"http:\/\/www.w3.org\/1999\/xlink\" x=\"0px\" y=\"0px\" \t viewBox=\"0 0 1000 775\" style=\"enable-background:new 0 0 1000 775;\" xml:space=\"preserve\">\n\n\t            <path class=\"st1\" d=\"M0,775h1000v-70.7H821c8.2-22.9,17-60.8,23.9-103.7c15.4-95.2-6.9-182.1-54.6-236.6C721.7,285.6,555,253.4,514.4,236.6\n\tC473.8,219.8,294.5,158.2,169.9,0c0,0-124.6,147-124.7,359.1c0,174.4,23.1,227.6,60.2,308.8H0L0,775z\"\/>\n\n\t\t\t\t<g>\n\t\t\t\t\t<defs>\n\t\t\t\t\t\t<path id=\"mainHeroBlockCallout\" d=\"M0,775h1000v-70.7H821c8.2-22.9,17-60.8,23.9-103.7c15.4-95.2-6.9-182.1-54.6-236.6C721.7,285.6,555,253.4,514.4,236.6\n\tC473.8,219.8,294.5,158.2,169.9,0c0,0-124.6,147-124.7,359.1c0,174.4,23.1,227.6,60.2,308.8H0L0,775z\"\/>\n\t\t\t\t\t<\/defs>\n\t\t\t\t\t<clipPath id=\"mainHeroBlockCallout2\">\n\t\t\t\t\t\t<use xlink:href=\"#mainHeroBlockCallout\" style=\"overflow:visible;\"><\/use>\n\t\t\t\t\t<\/clipPath>\n\t\t\t\t\t<g style=\"clip-path:url(#mainHeroBlockCallout2);\" transform=\"matrix(1 0 0 1 0 0)\">\n\t\t\t\t\t\t<image class=\"image slide-image\" width=\"100%\" height=\"100%\" xlink:href=\"https:\/\/www.lacooperativewelcoop.com\/wp-content\/uploads\/2019\/07\/welcoop_aides_aidants-e1563539362964-1000x775.png\" ><\/image>\n\t\t\t\t\t<\/g>\n\t\t\t\t<\/g>\n\n\t\t\t\t<path class=\"st0\" d=\"M844.9,600.6c15.4-95.2-6.9-182.1-54.6-236.6C721.7,285.6,555,253.4,514.4,236.6c-0.2-0.1-0.5-0.2-0.8-0.3\n\tc-2.2,4.8-4.2,10.1-5.7,15.9c-13.9,52.7,117.9,165,156.7,191.2c91.7,62,142.6,135.3,170.1,210.9C838.3,638,841.8,619.8,844.9,600.6z\"\/>\n\n\n\n\t\t\t\t<\/svg>\n\n\t          <\/figure>\n\n\t        <\/div>\n\n\t        <div class=\"col-lg-5 py-4 h-100\" data-aos=\"fade-up\">\n\n\t\t\t\t<div class=\"content h-100 d-flex justify-content-center flex-column\">\n\n\t\t\t\t\t<div class=\"inner\">\n\n\t\t\t\t\t\t<h2 class=\"h1 h1-large mb-4\">More help for <b>CAREGIVERS<\/b><\/h2><p>While more and more attention is rightly given to patient actors or \u201cpatient experts\u201d recognizing knowledge gained from experience, the role of caregiver must also be taken into account. This role must be humanized and professionalized at the same time. Accompanying dependent or disabled patients is an essential but demanding task. This can lead to high levels of stress and anxiety and require tremendous time and energy.<\/p>\n\n\t\t\t\t\t<\/div>\n\n\t\t\t\t<\/div>\n\n\t\t\t<\/div>\n\t\t\t\n\n\t\t<\/div>\n\t<\/div>\n\n<\/div>\n\n\n\n\n\n\n<div class=\"section texte py-5 py-lg-6 bg-light \">\n\t\n\t<div class=\"container\">\n\t\t<div class=\"row\">\n\t\t\t<div class=\"col\" data-aos=\"fade-up\">\n\t\t\t\t<p>While seeking improvements in the health of a relative, non-professional caregivers automatically become users of the healthcare system themselves. They become part of the aid structure and home healthcare environment. Often, caregivers go even further and become experts in the situations and needs of the patients concerned. Just as the other medico-social actors.<\/p>\n\t\t\t<\/div>\n\t\t<\/div>\n\t<\/div>\n\n<\/div>\n\n\n\n\n<div class=\"section texte py-5 py-lg-6 bg-white \">\n\t\n\t<div class=\"container\">\n\t\t<div class=\"row\">\n\t\t\t<div class=\"col\" data-aos=\"fade-up\">\n\t\t\t\t<h3>The Welcoop Cooperative proposes many solutions<br \/>\nto lighten the load for caregivers and bring increased serenity.<\/h3>\n<p>This could be by making the home environment of vulnerable people safer, by the use of technological solutions to improve treatment compliance or by calling on home healthcare services. If caregivers are supported and reassured, the patient&#8217;s health benefits.<\/p>\n\t\t\t<\/div>\n\t\t<\/div>\n\t<\/div>\n\n<\/div>","protected":false},"excerpt":{"rendered":"","protected":false},"author":5,"featured_media":1642,"parent":0,"menu_order":50,"comment_status":"closed","ping_status":"closed","template":"","meta":{"_acf_changed":false,"footnotes":""},"class_list":["post-5622","page","type-page","status-publish","has-post-thumbnail","hentry"],"acf":[],"yoast_head":"<!-- This site is optimized with the Yoast SEO plugin v27.3 - https:\/\/yoast.com\/product\/yoast-seo-wordpress\/ -->\n<title>Dedicated to serving patients - La Coop\u00e9rative Welcoop<\/title>\n<meta name=\"description\" content=\"As Citizens for Health and Well-being, the Welcoop Cooperative puts the patient first and takes care of how their healthcare data is handled.\" \/>\n<meta name=\"robots\" content=\"index, follow, max-snippet:-1, max-image-preview:large, max-video-preview:-1\" \/>\n<link rel=\"canonical\" href=\"https:\/\/www.lacooperativewelcoop.com\/en\/serving-patients\/\" \/>\n<meta property=\"og:locale\" content=\"en_US\" \/>\n<meta property=\"og:type\" content=\"article\" \/>\n<meta property=\"og:title\" content=\"Dedicated to serving patients - La Coop\u00e9rative Welcoop\" \/>\n<meta property=\"og:description\" content=\"As Citizens for Health and Well-being, the Welcoop Cooperative puts the patient first and takes care of how their healthcare data is handled.\" \/>\n<meta property=\"og:url\" content=\"https:\/\/www.lacooperativewelcoop.com\/en\/serving-patients\/\" \/>\n<meta property=\"og:site_name\" content=\"La Coop\u00e9rative Welcoop\" \/>\n<meta property=\"article:publisher\" content=\"https:\/\/www.facebook.com\/lacooperativewelcoop\" \/>\n<meta property=\"article:modified_time\" content=\"2019-12-11T14:26:53+00:00\" \/>\n<meta property=\"og:image\" content=\"https:\/\/www.lacooperativewelcoop.com\/wp-content\/uploads\/2019\/05\/Fotolia_261052127_Subscription_Monthly_M.jpg\" \/>\n\t<meta property=\"og:image:width\" content=\"1687\" \/>\n\t<meta property=\"og:image:height\" content=\"1126\" \/>\n\t<meta property=\"og:image:type\" content=\"image\/jpeg\" \/>\n<meta name=\"twitter:card\" content=\"summary_large_image\" \/>\n<meta name=\"twitter:site\" content=\"@LaCoopWelcoop\" \/>\n<script type=\"application\/ld+json\" class=\"yoast-schema-graph\">{\"@context\":\"https:\\\/\\\/schema.org\",\"@graph\":[{\"@type\":\"WebPage\",\"@id\":\"https:\\\/\\\/www.lacooperativewelcoop.com\\\/en\\\/serving-patients\\\/\",\"url\":\"https:\\\/\\\/www.lacooperativewelcoop.com\\\/en\\\/serving-patients\\\/\",\"name\":\"Dedicated to serving patients - La Coop\u00e9rative Welcoop\",\"isPartOf\":{\"@id\":\"https:\\\/\\\/www.lacooperativewelcoop.com\\\/#website\"},\"primaryImageOfPage\":{\"@id\":\"https:\\\/\\\/www.lacooperativewelcoop.com\\\/en\\\/serving-patients\\\/#primaryimage\"},\"image\":{\"@id\":\"https:\\\/\\\/www.lacooperativewelcoop.com\\\/en\\\/serving-patients\\\/#primaryimage\"},\"thumbnailUrl\":\"https:\\\/\\\/www.lacooperativewelcoop.com\\\/wp-content\\\/uploads\\\/2019\\\/05\\\/Fotolia_261052127_Subscription_Monthly_M.jpg\",\"datePublished\":\"2019-03-10T14:55:20+00:00\",\"dateModified\":\"2019-12-11T14:26:53+00:00\",\"description\":\"As Citizens for Health and Well-being, the Welcoop Cooperative puts the patient first and takes care of how their healthcare data is handled.\",\"breadcrumb\":{\"@id\":\"https:\\\/\\\/www.lacooperativewelcoop.com\\\/en\\\/serving-patients\\\/#breadcrumb\"},\"inLanguage\":\"en-US\",\"potentialAction\":[{\"@type\":\"ReadAction\",\"target\":[\"https:\\\/\\\/www.lacooperativewelcoop.com\\\/en\\\/serving-patients\\\/\"]}]},{\"@type\":\"ImageObject\",\"inLanguage\":\"en-US\",\"@id\":\"https:\\\/\\\/www.lacooperativewelcoop.com\\\/en\\\/serving-patients\\\/#primaryimage\",\"url\":\"https:\\\/\\\/www.lacooperativewelcoop.com\\\/wp-content\\\/uploads\\\/2019\\\/05\\\/Fotolia_261052127_Subscription_Monthly_M.jpg\",\"contentUrl\":\"https:\\\/\\\/www.lacooperativewelcoop.com\\\/wp-content\\\/uploads\\\/2019\\\/05\\\/Fotolia_261052127_Subscription_Monthly_M.jpg\",\"width\":1687,\"height\":1126,\"caption\":\"Senior couple sitting with nurse during the medical consultation in the comfortable office\"},{\"@type\":\"BreadcrumbList\",\"@id\":\"https:\\\/\\\/www.lacooperativewelcoop.com\\\/en\\\/serving-patients\\\/#breadcrumb\",\"itemListElement\":[{\"@type\":\"ListItem\",\"position\":1,\"name\":\"Accueil\",\"item\":\"https:\\\/\\\/www.lacooperativewelcoop.com\\\/en\\\/\"},{\"@type\":\"ListItem\",\"position\":2,\"name\":\"Serving patients\"}]},{\"@type\":\"WebSite\",\"@id\":\"https:\\\/\\\/www.lacooperativewelcoop.com\\\/#website\",\"url\":\"https:\\\/\\\/www.lacooperativewelcoop.com\\\/\",\"name\":\"La Coop\u00e9rative Welcoop\",\"description\":\"Citoyens de la sant\u00e9 et du bien-\u00eatre\",\"publisher\":{\"@id\":\"https:\\\/\\\/www.lacooperativewelcoop.com\\\/#organization\"},\"potentialAction\":[{\"@type\":\"SearchAction\",\"target\":{\"@type\":\"EntryPoint\",\"urlTemplate\":\"https:\\\/\\\/www.lacooperativewelcoop.com\\\/?s={search_term_string}\"},\"query-input\":{\"@type\":\"PropertyValueSpecification\",\"valueRequired\":true,\"valueName\":\"search_term_string\"}}],\"inLanguage\":\"en-US\"},{\"@type\":\"Organization\",\"@id\":\"https:\\\/\\\/www.lacooperativewelcoop.com\\\/#organization\",\"name\":\"La Coop\u00e9rative Welcoop\",\"url\":\"https:\\\/\\\/www.lacooperativewelcoop.com\\\/\",\"logo\":{\"@type\":\"ImageObject\",\"inLanguage\":\"en-US\",\"@id\":\"https:\\\/\\\/www.lacooperativewelcoop.com\\\/#\\\/schema\\\/logo\\\/image\\\/\",\"url\":\"https:\\\/\\\/www.lacooperativewelcoop.com\\\/wp-content\\\/uploads\\\/2019\\\/08\\\/logo@2x.png\",\"contentUrl\":\"https:\\\/\\\/www.lacooperativewelcoop.com\\\/wp-content\\\/uploads\\\/2019\\\/08\\\/logo@2x.png\",\"width\":400,\"height\":218,\"caption\":\"La Coop\u00e9rative Welcoop\"},\"image\":{\"@id\":\"https:\\\/\\\/www.lacooperativewelcoop.com\\\/#\\\/schema\\\/logo\\\/image\\\/\"},\"sameAs\":[\"https:\\\/\\\/www.facebook.com\\\/lacooperativewelcoop\",\"https:\\\/\\\/x.com\\\/LaCoopWelcoop\",\"https:\\\/\\\/www.instagram.com\\\/lacooperativewelcoop\\\/\",\"https:\\\/\\\/www.linkedin.com\\\/company\\\/la-cooperative-welcoop\\\/\",\"https:\\\/\\\/www.youtube.com\\\/playlist?list=PLgsP06JS6FdCOQzquwK_JyDt9fl52quMf\"]}]}<\/script>\n<!-- \/ Yoast SEO plugin. -->","yoast_head_json":{"title":"Dedicated to serving patients - La Coop\u00e9rative Welcoop","description":"As Citizens for Health and Well-being, the Welcoop Cooperative puts the patient first and takes care of how their healthcare data is handled.","robots":{"index":"index","follow":"follow","max-snippet":"max-snippet:-1","max-image-preview":"max-image-preview:large","max-video-preview":"max-video-preview:-1"},"canonical":"https:\/\/www.lacooperativewelcoop.com\/en\/serving-patients\/","og_locale":"en_US","og_type":"article","og_title":"Dedicated to serving patients - La Coop\u00e9rative Welcoop","og_description":"As Citizens for Health and Well-being, the Welcoop Cooperative puts the patient first and takes care of how their healthcare data is handled.","og_url":"https:\/\/www.lacooperativewelcoop.com\/en\/serving-patients\/","og_site_name":"La Coop\u00e9rative Welcoop","article_publisher":"https:\/\/www.facebook.com\/lacooperativewelcoop","article_modified_time":"2019-12-11T14:26:53+00:00","og_image":[{"width":1687,"height":1126,"url":"https:\/\/www.lacooperativewelcoop.com\/wp-content\/uploads\/2019\/05\/Fotolia_261052127_Subscription_Monthly_M.jpg","type":"image\/jpeg"}],"twitter_card":"summary_large_image","twitter_site":"@LaCoopWelcoop","schema":{"@context":"https:\/\/schema.org","@graph":[{"@type":"WebPage","@id":"https:\/\/www.lacooperativewelcoop.com\/en\/serving-patients\/","url":"https:\/\/www.lacooperativewelcoop.com\/en\/serving-patients\/","name":"Dedicated to serving patients - La Coop\u00e9rative Welcoop","isPartOf":{"@id":"https:\/\/www.lacooperativewelcoop.com\/#website"},"primaryImageOfPage":{"@id":"https:\/\/www.lacooperativewelcoop.com\/en\/serving-patients\/#primaryimage"},"image":{"@id":"https:\/\/www.lacooperativewelcoop.com\/en\/serving-patients\/#primaryimage"},"thumbnailUrl":"https:\/\/www.lacooperativewelcoop.com\/wp-content\/uploads\/2019\/05\/Fotolia_261052127_Subscription_Monthly_M.jpg","datePublished":"2019-03-10T14:55:20+00:00","dateModified":"2019-12-11T14:26:53+00:00","description":"As Citizens for Health and Well-being, the Welcoop Cooperative puts the patient first and takes care of how their healthcare data is handled.","breadcrumb":{"@id":"https:\/\/www.lacooperativewelcoop.com\/en\/serving-patients\/#breadcrumb"},"inLanguage":"en-US","potentialAction":[{"@type":"ReadAction","target":["https:\/\/www.lacooperativewelcoop.com\/en\/serving-patients\/"]}]},{"@type":"ImageObject","inLanguage":"en-US","@id":"https:\/\/www.lacooperativewelcoop.com\/en\/serving-patients\/#primaryimage","url":"https:\/\/www.lacooperativewelcoop.com\/wp-content\/uploads\/2019\/05\/Fotolia_261052127_Subscription_Monthly_M.jpg","contentUrl":"https:\/\/www.lacooperativewelcoop.com\/wp-content\/uploads\/2019\/05\/Fotolia_261052127_Subscription_Monthly_M.jpg","width":1687,"height":1126,"caption":"Senior couple sitting with nurse during the medical consultation in the comfortable office"},{"@type":"BreadcrumbList","@id":"https:\/\/www.lacooperativewelcoop.com\/en\/serving-patients\/#breadcrumb","itemListElement":[{"@type":"ListItem","position":1,"name":"Accueil","item":"https:\/\/www.lacooperativewelcoop.com\/en\/"},{"@type":"ListItem","position":2,"name":"Serving patients"}]},{"@type":"WebSite","@id":"https:\/\/www.lacooperativewelcoop.com\/#website","url":"https:\/\/www.lacooperativewelcoop.com\/","name":"La Coop\u00e9rative Welcoop","description":"Citoyens de la sant\u00e9 et du bien-\u00eatre","publisher":{"@id":"https:\/\/www.lacooperativewelcoop.com\/#organization"},"potentialAction":[{"@type":"SearchAction","target":{"@type":"EntryPoint","urlTemplate":"https:\/\/www.lacooperativewelcoop.com\/?s={search_term_string}"},"query-input":{"@type":"PropertyValueSpecification","valueRequired":true,"valueName":"search_term_string"}}],"inLanguage":"en-US"},{"@type":"Organization","@id":"https:\/\/www.lacooperativewelcoop.com\/#organization","name":"La Coop\u00e9rative Welcoop","url":"https:\/\/www.lacooperativewelcoop.com\/","logo":{"@type":"ImageObject","inLanguage":"en-US","@id":"https:\/\/www.lacooperativewelcoop.com\/#\/schema\/logo\/image\/","url":"https:\/\/www.lacooperativewelcoop.com\/wp-content\/uploads\/2019\/08\/logo@2x.png","contentUrl":"https:\/\/www.lacooperativewelcoop.com\/wp-content\/uploads\/2019\/08\/logo@2x.png","width":400,"height":218,"caption":"La Coop\u00e9rative Welcoop"},"image":{"@id":"https:\/\/www.lacooperativewelcoop.com\/#\/schema\/logo\/image\/"},"sameAs":["https:\/\/www.facebook.com\/lacooperativewelcoop","https:\/\/x.com\/LaCoopWelcoop","https:\/\/www.instagram.com\/lacooperativewelcoop\/","https:\/\/www.linkedin.com\/company\/la-cooperative-welcoop\/","https:\/\/www.youtube.com\/playlist?list=PLgsP06JS6FdCOQzquwK_JyDt9fl52quMf"]}]}},"_links":{"self":[{"href":"https:\/\/www.lacooperativewelcoop.com\/en\/wp-json\/wp\/v2\/pages\/5622","targetHints":{"allow":["GET"]}}],"collection":[{"href":"https:\/\/www.lacooperativewelcoop.com\/en\/wp-json\/wp\/v2\/pages"}],"about":[{"href":"https:\/\/www.lacooperativewelcoop.com\/en\/wp-json\/wp\/v2\/types\/page"}],"author":[{"embeddable":true,"href":"https:\/\/www.lacooperativewelcoop.com\/en\/wp-json\/wp\/v2\/users\/5"}],"replies":[{"embeddable":true,"href":"https:\/\/www.lacooperativewelcoop.com\/en\/wp-json\/wp\/v2\/comments?post=5622"}],"version-history":[{"count":15,"href":"https:\/\/www.lacooperativewelcoop.com\/en\/wp-json\/wp\/v2\/pages\/5622\/revisions"}],"predecessor-version":[{"id":6130,"href":"https:\/\/www.lacooperativewelcoop.com\/en\/wp-json\/wp\/v2\/pages\/5622\/revisions\/6130"}],"wp:featuredmedia":[{"embeddable":true,"href":"https:\/\/www.lacooperativewelcoop.com\/en\/wp-json\/wp\/v2\/media\/1642"}],"wp:attachment":[{"href":"https:\/\/www.lacooperativewelcoop.com\/en\/wp-json\/wp\/v2\/media?parent=5622"}],"curies":[{"name":"wp","href":"https:\/\/api.w.org\/{rel}","templated":true}]}}