{"id":5640,"date":"2019-06-05T15:07:10","date_gmt":"2019-06-05T13:07:10","guid":{"rendered":"https:\/\/www.lacooperativewelcoop.com\/nos-brochures\/"},"modified":"2025-09-09T16:35:41","modified_gmt":"2025-09-09T14:35:41","slug":"our-brochures","status":"publish","type":"page","link":"https:\/\/www.lacooperativewelcoop.com\/en\/our-brochures\/","title":{"rendered":"Our brochures"},"content":{"rendered":"\n\n\n\n<header class=\"entry-header header-default \">\n\t\n\t<div class=\"container h-100\">\n\n\t\t<div class=\"row h-100\">\n\n\t\t\t<div class=\"col-sm-8 col-lg-5 col-xl-6 py-4 h-100\">\n\n\n\t\t\t\t\n\t\t\t\t\t<div id=\"breadcrumb\" typeof=\"BreadcrumbList\" vocab=\"https:\/\/schema.org\/\">\n\n\t\t\t\t\t\t<span property=\"itemListElement\" typeof=\"ListItem\"><a property=\"item\" typeof=\"WebPage\" title=\"Go to La Coop\u00e9rative Welcoop.\" href=\"https:\/\/www.lacooperativewelcoop.com\/en\/\" class=\"home\"><span property=\"name\">Home<\/span><\/a><meta property=\"position\" content=\"1\"><\/span><i class=\"far fa-chevron-right sep\"><\/i><span property=\"itemListElement\" typeof=\"ListItem\"><a property=\"item\" typeof=\"WebPage\" title=\"Go to Blog.\" href=\"https:\/\/www.lacooperativewelcoop.com\/en\/blog\/\" class=\"post-root post post-post\"><span property=\"name\">Blog<\/span><\/a><meta property=\"position\" content=\"2\"><\/span>\n\t\t\t\t\t<\/div>\n\n\t\t\t\t\n\n\t\t\t\t<div class=\"content h-100 d-flex justify-content-center flex-column\">\n\n\t\t\t\t\t<div class=\"inner\">\n\n\n\t\t\t\t\t\t<h1 class=\"h1-large header-titre\">Our <b>brochures<\/b><\/h1>\n\t\t\t\t\t\t\n\n\t\t\t\t\t<\/div>\n\n\t\t\t\t<\/div>\n\n\n\t\t\t<\/div>\n\n\t\t<\/div>\n\n\t\t<img decoding=\"async\" id=\"img-header\" src=\"https:\/\/www.lacooperativewelcoop.com\/wp-content\/uploads\/2019\/05\/welcoop-header-big-3-990x720.png\" alt=\"\" class=\"d-none\">\n\n\n\t\t<div id=\"SVGMainHero\" class=\"col-lg-9 col-xl-7 position-absolute hero pr-0\">\n          <figure class=\"main-hero\">\n            <svg xmlns=\"http:\/\/www.w3.org\/2000\/svg\" xmlns:xlink=\"http:\/\/www.w3.org\/1999\/xlink\" x=\"0px\" y=\"0px\" \t viewBox=\"0 0 990 720\" style=\"enable-background:new 0 0 990 720;\" xml:space=\"preserve\">\n\n\t\t\t<g>\n\t\t\t\t<defs>\n\t\t\t\t\t<path id=\"mainHeroBlock1\" d=\"M990,152.5C820.8,31.8,663.1,0,663.1,0S542.7,252.7,299.5,329C106.7,393,35.4,437.2,8.6,553c-20.4,88,1,144.5,7.1,167H990\n\t\t\tV152.5z\"\/>\n\t\t\t\t<\/defs>\n\t\t\t\t<clipPath id=\"mainHeroBlock2\">\n\t\t\t\t\t<use xlink:href=\"#mainHeroBlock1\" style=\"overflow:visible;\"><\/use>\n\t\t\t\t<\/clipPath>\n\n\t\t\t\t<g style=\"clip-path:url(#mainHeroBlock2);\" transform=\"matrix(1 0 0 1 0 0)\">\n\t\t\t\t\t<image class=\"image\" width=\"100%\" height=\"100%\" xlink:href=\"https:\/\/www.lacooperativewelcoop.com\/wp-content\/uploads\/2019\/05\/welcoop-header-big-3-990x720.png\" ><\/image>\n\t\t\t\t<\/g>\n\t\t\t<\/g>\n\n\t\t\t<path class=\"st0\" d=\"M149.5,483.8c29.5-19.6,126.4-101.2,128.8-147.6C101.4,396.4,34.4,441.6,8.6,553C-3,603.4-1,643.4,3.9,672.7\n\t\tC26.1,604.2,68.8,537.5,149.5,483.8z\"\/>\n\n\t\t\t<\/svg>\n\n          <\/figure>\n\n        <\/div>\n\n\t<\/div>\n\n\t<button type=\"button\" class=\"go-down btn btn-link\"><i class=\"fal fa-25x fa-long-arrow-down\"><\/i><\/button>\n\n\n<\/header><!-- .entry-header -->\n\n\n\n\n<div class=\"section intro bg-light py-6 \">\n\t<div class=\"container\">\n\t\t<div class=\"row\">\n\t\t\t<div class=\"col-lg-5 col-exergue pr-lg-5 pb-5 pb-lg-0\" data-aos=\"fade-up\">\n\t\t\t\t<p class=\"exergue lead mb-0\">\n\t\t\t\t\tLearn more about The Welcoop Cooperative through our brochure.\t\t\t\t<\/p>\t\t\t\t\n\t\t\t<\/div>\n\t\t\t<div class=\"col-lg-7 pl-lg-5 pt-5 pt-lg-0\" data-aos=\"fade-up\" data-aos-delay=\"500\">\n\t\t\t\t<p>To know more about our company culture based on \u00ab\u00a0The Citizens for Health and Well-being\u00a0\u00bb and our \u00ab\u00a0Patient-Centric\u00a0\u00bb strategy, feel free to download our brochure.<\/p>\n\t\t\t<\/div>\n\t\t<\/div>\n\t<\/div>\n\n<\/div>\n\n\n\n<div class=\"section brochures py-5 py-lg-6 \">\n\n\t<div class=\"container\">\n\n\t\t<div class=\"row justify-content-center\">\n\n\t\t\t<div class=\"col-xl-9 col-lg-10\">\n\n\t\t\t\t<div>\n\n\t\t\t\t\t<div class=\"row\">\n\n\t\t\t\t\t\t\n\t\t\t\t\t\t\t\t<div class=\"col-lg-4 col-sm-6\">\n\t\t\t\t\t\t\t\t\t<a href=\"https:\/\/www.lacooperativewelcoop.com\/wp-content\/uploads\/2020\/12\/Code-de-conduite_EN.pdf\" class=\"mini card mb-4\" target=\"_blank\">\n\n\t\t\t\t\t\t\t\t\t\t<div class=\"thumb-wrapper card-img-top\"><img loading=\"lazy\" decoding=\"async\" width=\"330\" height=\"465\" src=\"https:\/\/www.lacooperativewelcoop.com\/wp-content\/uploads\/2020\/12\/code-of-conduct-330x465.png\" class=\"img-fluid\" alt=\"\" srcset=\"https:\/\/www.lacooperativewelcoop.com\/wp-content\/uploads\/2020\/12\/code-of-conduct-330x465.png 330w, https:\/\/www.lacooperativewelcoop.com\/wp-content\/uploads\/2020\/12\/code-of-conduct-445x627.png 445w, https:\/\/www.lacooperativewelcoop.com\/wp-content\/uploads\/2020\/12\/code-of-conduct.png 590w\" sizes=\"auto, (max-width: 330px) 100vw, 330px\" \/><i class=\"fal fa-file-pdf text-white link\"><\/i><\/div>\n\t\t\t\t\t\t\t\t\t\t<div class=\"card-body\">\n\n\t\t\t\t\t\t\t\t\t\t\t<h3 class=\"entry-title\">Code of conduct<\/h3>\n\n\t\t\t\t\t\t\t\t\t\t\t\n\t\t\t\t\t\t\t\t\t\t\t\t<div class=\"entry-content\">\n\n\t\t\t\t\t\t\t\t\t\t\t\t\t<p>Anti-bribery and Influence Peddling\r\nCode of Conduct<\/p>\n\t\t\t\t\t\t\t\t\t\t\t\t<\/div>\n\n\t\t\t\t\t\t\t\t\t\t\t\n\t\t\t\t\t\t\t\t\t\t\t<button type=\"button\" class=\"btn btn-primary mt-3\">T\u00e9l\u00e9charger<\/button>\n\n\t\t\t\t\t\t\t\t\t\t<\/div>\n\n\t\t\t\t\t\t\t\t\t<\/a>\n\t\t\t\t\t\t\t\t<\/div>\n\n\t\t\t\t\t\t\t\n\t\t\t\t\t\t\t\t<div class=\"col-lg-4 col-sm-6\">\n\t\t\t\t\t\t\t\t\t<a href=\"https:\/\/www.lacooperativewelcoop.com\/wp-content\/uploads\/2020\/12\/Lancement_alerte_EN.pdf\" class=\"mini card mb-4\" target=\"_blank\">\n\n\t\t\t\t\t\t\t\t\t\t<div class=\"thumb-wrapper card-img-top\"><img loading=\"lazy\" decoding=\"async\" width=\"330\" height=\"464\" src=\"https:\/\/www.lacooperativewelcoop.com\/wp-content\/uploads\/2020\/12\/Procedure-330x464.png\" class=\"img-fluid\" alt=\"\" srcset=\"https:\/\/www.lacooperativewelcoop.com\/wp-content\/uploads\/2020\/12\/Procedure-330x464.png 330w, https:\/\/www.lacooperativewelcoop.com\/wp-content\/uploads\/2020\/12\/Procedure-445x626.png 445w, https:\/\/www.lacooperativewelcoop.com\/wp-content\/uploads\/2020\/12\/Procedure.png 590w\" sizes=\"auto, (max-width: 330px) 100vw, 330px\" \/><i class=\"fal fa-file-pdf text-white link\"><\/i><\/div>\n\t\t\t\t\t\t\t\t\t\t<div class=\"card-body\">\n\n\t\t\t\t\t\t\t\t\t\t\t<h3 class=\"entry-title\">Procedure for whistleblowers<\/h3>\n\n\t\t\t\t\t\t\t\t\t\t\t\n\t\t\t\t\t\t\t\t\t\t\t\t<div class=\"entry-content\">\n\n\t\t\t\t\t\t\t\t\t\t\t\t\t<p>Alerts issued\r\nby whistleblowers<\/p>\n\t\t\t\t\t\t\t\t\t\t\t\t<\/div>\n\n\t\t\t\t\t\t\t\t\t\t\t\n\t\t\t\t\t\t\t\t\t\t\t<button type=\"button\" class=\"btn btn-primary mt-3\">T\u00e9l\u00e9charger<\/button>\n\n\t\t\t\t\t\t\t\t\t\t<\/div>\n\n\t\t\t\t\t\t\t\t\t<\/a>\n\t\t\t\t\t\t\t\t<\/div>\n\n\t\t\t\t\t\t\t\n\t\t\t\t\t\t\t\t<div class=\"col-lg-4 col-sm-6\">\n\t\t\t\t\t\t\t\t\t<a href=\"https:\/\/www.lacooperativewelcoop.com\/wp-content\/uploads\/2025\/09\/Charte-achats-ethiques-et-responsables_05-09-25-UK.pdf\" class=\"mini card mb-4\" target=\"_blank\">\n\n\t\t\t\t\t\t\t\t\t\t<div class=\"thumb-wrapper card-img-top\"><img loading=\"lazy\" decoding=\"async\" width=\"330\" height=\"467\" src=\"https:\/\/www.lacooperativewelcoop.com\/wp-content\/uploads\/2025\/09\/Capture-decran-2025-09-08-093258-330x467.png\" class=\"img-fluid\" alt=\"\" srcset=\"https:\/\/www.lacooperativewelcoop.com\/wp-content\/uploads\/2025\/09\/Capture-decran-2025-09-08-093258-330x467.png 330w, https:\/\/www.lacooperativewelcoop.com\/wp-content\/uploads\/2025\/09\/Capture-decran-2025-09-08-093258-445x630.png 445w, https:\/\/www.lacooperativewelcoop.com\/wp-content\/uploads\/2025\/09\/Capture-decran-2025-09-08-093258-218x309.png 218w, https:\/\/www.lacooperativewelcoop.com\/wp-content\/uploads\/2025\/09\/Capture-decran-2025-09-08-093258.png 605w\" sizes=\"auto, (max-width: 330px) 100vw, 330px\" \/><i class=\"fal fa-file-pdf text-white link\"><\/i><\/div>\n\t\t\t\t\t\t\t\t\t\t<div class=\"card-body\">\n\n\t\t\t\t\t\t\t\t\t\t\t<h3 class=\"entry-title\">Ethical and responsible purchasing charter<\/h3>\n\n\t\t\t\t\t\t\t\t\t\t\t\n\t\t\t\t\t\t\t\t\t\t\t\t<div class=\"entry-content\">\n\n\t\t\t\t\t\t\t\t\t\t\t\t\t<p>Online available version<\/p>\n\t\t\t\t\t\t\t\t\t\t\t\t<\/div>\n\n\t\t\t\t\t\t\t\t\t\t\t\n\t\t\t\t\t\t\t\t\t\t\t<button type=\"button\" class=\"btn btn-primary mt-3\">T\u00e9l\u00e9charger<\/button>\n\n\t\t\t\t\t\t\t\t\t\t<\/div>\n\n\t\t\t\t\t\t\t\t\t<\/a>\n\t\t\t\t\t\t\t\t<\/div>\n\n\t\t\t\t\t\t\t\t\t\t\t\t<\/div>\n\n\t\t\t\t<\/div>\n\t\t\t\t\n\n\t\t\t<\/div>\n\t\t\n\t\t\n\n\t<\/div>\n\n<\/div>\n\n\n<p><\/p>\n","protected":false},"excerpt":{"rendered":"","protected":false},"author":5,"featured_media":0,"parent":0,"menu_order":95,"comment_status":"closed","ping_status":"closed","template":"","meta":{"_acf_changed":false,"footnotes":""},"class_list":["post-5640","page","type-page","status-publish","hentry"],"acf":[],"yoast_head":"<!-- This site is optimized with the Yoast SEO plugin v27.3 - https:\/\/yoast.com\/product\/yoast-seo-wordpress\/ -->\n<title>Our brochures - La Coop\u00e9rative Welcoop<\/title>\n<meta name=\"description\" content=\"To learn more about our company culture and our &quot;Patient-Centric&quot; strategy, you will find all of our brochures available for download.\" \/>\n<meta name=\"robots\" content=\"index, follow, max-snippet:-1, max-image-preview:large, max-video-preview:-1\" \/>\n<link rel=\"canonical\" href=\"https:\/\/www.lacooperativewelcoop.com\/en\/our-brochures\/\" \/>\n<meta property=\"og:locale\" content=\"en_US\" \/>\n<meta property=\"og:type\" content=\"article\" \/>\n<meta property=\"og:title\" content=\"Our brochures - La Coop\u00e9rative Welcoop\" \/>\n<meta property=\"og:description\" content=\"To learn more about our company culture and our &quot;Patient-Centric&quot; strategy, you will find all of our brochures available for download.\" \/>\n<meta property=\"og:url\" content=\"https:\/\/www.lacooperativewelcoop.com\/en\/our-brochures\/\" \/>\n<meta property=\"og:site_name\" content=\"La Coop\u00e9rative Welcoop\" \/>\n<meta property=\"article:publisher\" content=\"https:\/\/www.facebook.com\/lacooperativewelcoop\" \/>\n<meta property=\"article:modified_time\" content=\"2025-09-09T14:35:41+00:00\" \/>\n<meta property=\"og:image\" content=\"https:\/\/www.lacooperativewelcoop.com\/wp-content\/uploads\/2019\/08\/logo@2x.png\" \/>\n\t<meta property=\"og:image:width\" content=\"400\" \/>\n\t<meta property=\"og:image:height\" content=\"218\" \/>\n\t<meta property=\"og:image:type\" content=\"image\/png\" \/>\n<meta name=\"twitter:card\" content=\"summary_large_image\" \/>\n<meta name=\"twitter:site\" content=\"@LaCoopWelcoop\" \/>\n<script type=\"application\/ld+json\" class=\"yoast-schema-graph\">{\"@context\":\"https:\\\/\\\/schema.org\",\"@graph\":[{\"@type\":\"WebPage\",\"@id\":\"https:\\\/\\\/www.lacooperativewelcoop.com\\\/en\\\/our-brochures\\\/\",\"url\":\"https:\\\/\\\/www.lacooperativewelcoop.com\\\/en\\\/our-brochures\\\/\",\"name\":\"Our brochures - La Coop\u00e9rative Welcoop\",\"isPartOf\":{\"@id\":\"https:\\\/\\\/www.lacooperativewelcoop.com\\\/#website\"},\"datePublished\":\"2019-06-05T13:07:10+00:00\",\"dateModified\":\"2025-09-09T14:35:41+00:00\",\"description\":\"To learn more about our company culture and our \\\"Patient-Centric\\\" strategy, you will find all of our brochures available for download.\",\"breadcrumb\":{\"@id\":\"https:\\\/\\\/www.lacooperativewelcoop.com\\\/en\\\/our-brochures\\\/#breadcrumb\"},\"inLanguage\":\"en-US\",\"potentialAction\":[{\"@type\":\"ReadAction\",\"target\":[\"https:\\\/\\\/www.lacooperativewelcoop.com\\\/en\\\/our-brochures\\\/\"]}]},{\"@type\":\"BreadcrumbList\",\"@id\":\"https:\\\/\\\/www.lacooperativewelcoop.com\\\/en\\\/our-brochures\\\/#breadcrumb\",\"itemListElement\":[{\"@type\":\"ListItem\",\"position\":1,\"name\":\"Accueil\",\"item\":\"https:\\\/\\\/www.lacooperativewelcoop.com\\\/en\\\/\"},{\"@type\":\"ListItem\",\"position\":2,\"name\":\"Our brochures\"}]},{\"@type\":\"WebSite\",\"@id\":\"https:\\\/\\\/www.lacooperativewelcoop.com\\\/#website\",\"url\":\"https:\\\/\\\/www.lacooperativewelcoop.com\\\/\",\"name\":\"La Coop\u00e9rative Welcoop\",\"description\":\"Citoyens de la sant\u00e9 et du bien-\u00eatre\",\"publisher\":{\"@id\":\"https:\\\/\\\/www.lacooperativewelcoop.com\\\/#organization\"},\"potentialAction\":[{\"@type\":\"SearchAction\",\"target\":{\"@type\":\"EntryPoint\",\"urlTemplate\":\"https:\\\/\\\/www.lacooperativewelcoop.com\\\/?s={search_term_string}\"},\"query-input\":{\"@type\":\"PropertyValueSpecification\",\"valueRequired\":true,\"valueName\":\"search_term_string\"}}],\"inLanguage\":\"en-US\"},{\"@type\":\"Organization\",\"@id\":\"https:\\\/\\\/www.lacooperativewelcoop.com\\\/#organization\",\"name\":\"La Coop\u00e9rative Welcoop\",\"url\":\"https:\\\/\\\/www.lacooperativewelcoop.com\\\/\",\"logo\":{\"@type\":\"ImageObject\",\"inLanguage\":\"en-US\",\"@id\":\"https:\\\/\\\/www.lacooperativewelcoop.com\\\/#\\\/schema\\\/logo\\\/image\\\/\",\"url\":\"https:\\\/\\\/www.lacooperativewelcoop.com\\\/wp-content\\\/uploads\\\/2019\\\/08\\\/logo@2x.png\",\"contentUrl\":\"https:\\\/\\\/www.lacooperativewelcoop.com\\\/wp-content\\\/uploads\\\/2019\\\/08\\\/logo@2x.png\",\"width\":400,\"height\":218,\"caption\":\"La Coop\u00e9rative Welcoop\"},\"image\":{\"@id\":\"https:\\\/\\\/www.lacooperativewelcoop.com\\\/#\\\/schema\\\/logo\\\/image\\\/\"},\"sameAs\":[\"https:\\\/\\\/www.facebook.com\\\/lacooperativewelcoop\",\"https:\\\/\\\/x.com\\\/LaCoopWelcoop\",\"https:\\\/\\\/www.instagram.com\\\/lacooperativewelcoop\\\/\",\"https:\\\/\\\/www.linkedin.com\\\/company\\\/la-cooperative-welcoop\\\/\",\"https:\\\/\\\/www.youtube.com\\\/playlist?list=PLgsP06JS6FdCOQzquwK_JyDt9fl52quMf\"]}]}<\/script>\n<!-- \/ Yoast SEO plugin. -->","yoast_head_json":{"title":"Our brochures - La Coop\u00e9rative Welcoop","description":"To learn more about our company culture and our \"Patient-Centric\" strategy, you will find all of our brochures available for download.","robots":{"index":"index","follow":"follow","max-snippet":"max-snippet:-1","max-image-preview":"max-image-preview:large","max-video-preview":"max-video-preview:-1"},"canonical":"https:\/\/www.lacooperativewelcoop.com\/en\/our-brochures\/","og_locale":"en_US","og_type":"article","og_title":"Our brochures - La Coop\u00e9rative Welcoop","og_description":"To learn more about our company culture and our \"Patient-Centric\" strategy, you will find all of our brochures available for download.","og_url":"https:\/\/www.lacooperativewelcoop.com\/en\/our-brochures\/","og_site_name":"La Coop\u00e9rative Welcoop","article_publisher":"https:\/\/www.facebook.com\/lacooperativewelcoop","article_modified_time":"2025-09-09T14:35:41+00:00","og_image":[{"width":400,"height":218,"url":"https:\/\/www.lacooperativewelcoop.com\/wp-content\/uploads\/2019\/08\/logo@2x.png","type":"image\/png"}],"twitter_card":"summary_large_image","twitter_site":"@LaCoopWelcoop","schema":{"@context":"https:\/\/schema.org","@graph":[{"@type":"WebPage","@id":"https:\/\/www.lacooperativewelcoop.com\/en\/our-brochures\/","url":"https:\/\/www.lacooperativewelcoop.com\/en\/our-brochures\/","name":"Our brochures - La Coop\u00e9rative Welcoop","isPartOf":{"@id":"https:\/\/www.lacooperativewelcoop.com\/#website"},"datePublished":"2019-06-05T13:07:10+00:00","dateModified":"2025-09-09T14:35:41+00:00","description":"To learn more about our company culture and our \"Patient-Centric\" strategy, you will find all of our brochures available for download.","breadcrumb":{"@id":"https:\/\/www.lacooperativewelcoop.com\/en\/our-brochures\/#breadcrumb"},"inLanguage":"en-US","potentialAction":[{"@type":"ReadAction","target":["https:\/\/www.lacooperativewelcoop.com\/en\/our-brochures\/"]}]},{"@type":"BreadcrumbList","@id":"https:\/\/www.lacooperativewelcoop.com\/en\/our-brochures\/#breadcrumb","itemListElement":[{"@type":"ListItem","position":1,"name":"Accueil","item":"https:\/\/www.lacooperativewelcoop.com\/en\/"},{"@type":"ListItem","position":2,"name":"Our brochures"}]},{"@type":"WebSite","@id":"https:\/\/www.lacooperativewelcoop.com\/#website","url":"https:\/\/www.lacooperativewelcoop.com\/","name":"La Coop\u00e9rative Welcoop","description":"Citoyens de la sant\u00e9 et du bien-\u00eatre","publisher":{"@id":"https:\/\/www.lacooperativewelcoop.com\/#organization"},"potentialAction":[{"@type":"SearchAction","target":{"@type":"EntryPoint","urlTemplate":"https:\/\/www.lacooperativewelcoop.com\/?s={search_term_string}"},"query-input":{"@type":"PropertyValueSpecification","valueRequired":true,"valueName":"search_term_string"}}],"inLanguage":"en-US"},{"@type":"Organization","@id":"https:\/\/www.lacooperativewelcoop.com\/#organization","name":"La Coop\u00e9rative Welcoop","url":"https:\/\/www.lacooperativewelcoop.com\/","logo":{"@type":"ImageObject","inLanguage":"en-US","@id":"https:\/\/www.lacooperativewelcoop.com\/#\/schema\/logo\/image\/","url":"https:\/\/www.lacooperativewelcoop.com\/wp-content\/uploads\/2019\/08\/logo@2x.png","contentUrl":"https:\/\/www.lacooperativewelcoop.com\/wp-content\/uploads\/2019\/08\/logo@2x.png","width":400,"height":218,"caption":"La Coop\u00e9rative Welcoop"},"image":{"@id":"https:\/\/www.lacooperativewelcoop.com\/#\/schema\/logo\/image\/"},"sameAs":["https:\/\/www.facebook.com\/lacooperativewelcoop","https:\/\/x.com\/LaCoopWelcoop","https:\/\/www.instagram.com\/lacooperativewelcoop\/","https:\/\/www.linkedin.com\/company\/la-cooperative-welcoop\/","https:\/\/www.youtube.com\/playlist?list=PLgsP06JS6FdCOQzquwK_JyDt9fl52quMf"]}]}},"_links":{"self":[{"href":"https:\/\/www.lacooperativewelcoop.com\/en\/wp-json\/wp\/v2\/pages\/5640","targetHints":{"allow":["GET"]}}],"collection":[{"href":"https:\/\/www.lacooperativewelcoop.com\/en\/wp-json\/wp\/v2\/pages"}],"about":[{"href":"https:\/\/www.lacooperativewelcoop.com\/en\/wp-json\/wp\/v2\/types\/page"}],"author":[{"embeddable":true,"href":"https:\/\/www.lacooperativewelcoop.com\/en\/wp-json\/wp\/v2\/users\/5"}],"replies":[{"embeddable":true,"href":"https:\/\/www.lacooperativewelcoop.com\/en\/wp-json\/wp\/v2\/comments?post=5640"}],"version-history":[{"count":14,"href":"https:\/\/www.lacooperativewelcoop.com\/en\/wp-json\/wp\/v2\/pages\/5640\/revisions"}],"predecessor-version":[{"id":22009,"href":"https:\/\/www.lacooperativewelcoop.com\/en\/wp-json\/wp\/v2\/pages\/5640\/revisions\/22009"}],"wp:attachment":[{"href":"https:\/\/www.lacooperativewelcoop.com\/en\/wp-json\/wp\/v2\/media?parent=5640"}],"curies":[{"name":"wp","href":"https:\/\/api.w.org\/{rel}","templated":true}]}}