{"id":5643,"date":"2019-03-24T20:33:40","date_gmt":"2019-03-24T19:33:40","guid":{"rendered":"https:\/\/www.lacooperativewelcoop.com\/mentions-legales\/"},"modified":"2019-12-11T15:47:31","modified_gmt":"2019-12-11T14:47:31","slug":"terms-and-conditions","status":"publish","type":"page","link":"https:\/\/www.lacooperativewelcoop.com\/en\/terms-and-conditions\/","title":{"rendered":"Terms and conditions"},"content":{"rendered":"\n\n\n<div class=\"section texte py-5 py-lg-6 bg-white \">\n\t\n\t<div class=\"container\">\n\t\t<div class=\"row\">\n\t\t\t<div class=\"col\" data-aos=\"fade-up\">\n\t\t\t\t<h1>Terms and conditions<\/h1>\n<p>The site is published by:<\/p>\n<p>THE WELCOOP COOPERATIVE<br \/>\n7 all\u00e9e de Vincennes \u2013 CS 40151 \u2013<br \/>\n54519 VANDOEUVRE-LES-NANCY Cedex<br \/>\nFRANCE<\/p>\n<p>T\u00e9l : +33 (0) 820 90 80 90<\/p>\n<p>Cooperative limited company with variable capital and Executive Board and Supervisory Board<\/p>\n<p>welcoop@lacooperativewelcoop.com \u2013 RCS Nancy B 754\u00a0801\u00a0348<\/p>\n<p>The director of the publication of this site is Olivier Morlot, Director of Communication of The Welcoop Cooperative.<\/p>\n<p>The site is hosted by:<\/p>\n<p>Pharmagest<br \/>\n5 All\u00e9e de Saint CLOUD<br \/>\n54601 VILLERS LES NANCY CEDEX<br \/>\nFrance<\/p>\n<p>Design and production by:<br \/>\nM\u00e9chant Loup<br \/>\nParis Office<br \/>\n13, rue Camille Desmoulins<br \/>\n92130 Issy-les-Moulineaux<\/p>\n<p>Eastern France Office<br \/>\n14 rue S\u00e9bastien Leclerc<br \/>\n54000 Nancy<\/p>\n<h2>Ownership<\/h2>\n<p>Any representation or reproduction for all or part of the content of the site, made without the consent of the authors or their successors, is unlawful (Article L 122-4 of the Code of Intellectual Property).<\/p>\n<h2>Privacy policy<\/h2>\n<p>As part of its activities and in accordance with the current legislation on data protection &#8220;GDPR&#8221; (European Regulation 2016\/679 of the European Parliament and of the Council of 27 April 2016) The Welcoop Cooperative informs you.<\/p>\n<p><a href=\"https:\/\/www.cnil.fr\/fr\/reglement-europeen-protection-donnees\" target=\"_blank\" rel=\"noopener\">Read the rules<\/a><\/p>\n<h2>What is the purpose of the processing of personal data collected on our website?<\/h2>\n<p>The information collected on this site is recorded in a computerized file by the website editor in order to:<\/p>\n<p>&#8211; Send information about events that the user would have registered for in advance<\/p>\n<p>&#8211; Respond to a request that would have been sent to us via the contact form previously completed by the user<\/p>\n<p>These data are kept confidentially, and are intended exclusively for the publisher of the site. In no case the data of Internet users are collected without obtaining the prior express authorization of the user via an opt-in. Below are listed for your information the forms and functionalities that can collect the user&#8217;s data with authorization of the latter and their purpose:<\/p>\n<p>&#8211; Contact form<br \/>\n&#8211; Registration form for events (Welcoop Days, Training, etc.)<\/p>\n<h2>Our promise<\/h2>\n<p>The Welcoop Cooperative is committed to protecting the privacy, confidentiality and security of the personal data of Internet users visiting its site.<\/p>\n<p>The Welcoop Cooperative expressly prohibits the dissemination or resale of personal data to third parties for commercial purposes.<\/p>\n<p>These commitments are also made by any subcontractor who may be involved in the processing of the data.<\/p>\n<h2>How to exercise your rights?<\/h2>\n<p>In compliance with the legislation in force, each user has:<\/p>\n<p>1. a right of communication and access: you can obtain data collected and processed about you;<\/p>\n<p>2. a right of rectification: in case of inaccuracy of this information, you may require that it be rectified, completed or deleted ;<\/p>\n<p>3. a right of opposition and suppression: you can demand at any time that your data stop being used and that they be deleted.<\/p>\n<p>In accordance with the law &#8220;IT and freedoms&#8221;, you can exercise your rights of access, modification and opposition at any time via the unsubscription links indicated in each of our emails or by writing to :\u00a0LA COOPERATIVE WELCOOP, 7 all\u00e9e de Vincennes \u2013 CS 40151 \u2013 54519 VANDOEUVRE-LES-NANCY\u00a0or by mail : communication@lacooperativewelcoop.com<\/p>\n<p>The Welcoop Cooperative will make every effort to respond favorably to the exercise of these rights by Internet users within the framework defined by the law.<\/p>\n<p>We inform you of the existence of the list of opposition to canvassing \u00ab Bloctel \u00bb, which you can register for here : <a href=\"https:\/\/conso.bloctel.fr\/\">https:\/\/conso.bloctel.fr\/<\/a><\/p>\n<h2>Have cookies been installed on the lacooperativewelcoop.com website?<\/h2>\n<p>To ensure optimal use and navigation of the Site, Welcoop Cooperative uses Cookies with the sole purpose of:<\/p>\n<ul>\n<li>ensuring the proper functionality and display of all the services and content on the Site ;<\/li>\n<li>compiling statistical data such as audience, unique visits and traffic.<\/li>\n<\/ul>\n<p>The Cookies we use are small text files identified by a unique number that are stored on your computer via your browser. The information collected and processed by this file is anonymous and does not in any way identify the user browsing the Site. Most of the cookies we use are session cookies. They are automatically deleted at the end of your visit. Cookies do not cause any damage to your computer and do not contain any viruses.<\/p>\n<p>Such as:<\/p>\n<ul>\n<li>the browser type and version<\/li>\n<li>the operating system used<\/li>\n<li>the referent URL (previous visited site)<\/li>\n<li>the host name of the computer that is accessing (IP address)<\/li>\n<li>the time the server was visited<\/li>\n<\/ul>\n<p>For Welcoop Cooperative, this data can not be assigned to specific people. There is also no merging of this data with other data sources. The data is only for internal statistics purposes.<\/p>\n<p>It is specified that no personal data is collected or processed through Cookies. Any collection of personal data on the Site is carried out exclusively under the conditions mentioned in the previous article &#8220;Personal data&#8221;.<\/p>\n<p>You have the option of configuring your browser to, as the case may be, generally oppose the posting of Cookies on your computer, to be alerted before any fixing in order to give your consent or not, as well as to delete any agreement previously granted.<\/p>\n<p>Regarding the compilation of statistical data, The Welcoop Cooperative uses Cookies developed under Matomo to anonymously analyze the visits and navigations found and identify all optimization points of the Site. They make it possible to obtain, with the exclusion of any data identifying a user: the address of your service provider, the navigation software you are using (eg Google Chrome or Explorer), time and duration of your visit, the pages you visited.<\/p>\n<p>This information is kept for a maximum of 14 months.<\/p>\n<p>For more information on these Cookies, we invite you to read the explanations given by the operator Matomo at the following address:\u00a0https:\/\/matomo.org\/privacy\/<\/p>\n<p>\u00a9 La Coop\u00e9rative Welcoop \u2013 Last update on 14\/08\/19<\/p>\n\t\t\t<\/div>\n\t\t<\/div>\n\t<\/div>\n\n<\/div>","protected":false},"excerpt":{"rendered":"","protected":false},"author":5,"featured_media":0,"parent":0,"menu_order":120,"comment_status":"closed","ping_status":"closed","template":"","meta":{"_acf_changed":false,"footnotes":""},"class_list":["post-5643","page","type-page","status-publish","hentry"],"acf":[],"yoast_head":"<!-- This site is optimized with the Yoast SEO plugin v27.3 - https:\/\/yoast.com\/product\/yoast-seo-wordpress\/ -->\n<title>Terms and conditions - La Coop\u00e9rative Welcoop<\/title>\n<meta name=\"description\" content=\"To know more about our privacy policy, commitments, data processing and rights, discover the Welcoop Cooperative legal notice.\" \/>\n<meta name=\"robots\" content=\"index, follow, max-snippet:-1, max-image-preview:large, max-video-preview:-1\" \/>\n<link rel=\"canonical\" href=\"https:\/\/www.lacooperativewelcoop.com\/en\/terms-and-conditions\/\" \/>\n<meta property=\"og:locale\" content=\"en_US\" \/>\n<meta property=\"og:type\" content=\"article\" \/>\n<meta property=\"og:title\" content=\"Terms and conditions - La Coop\u00e9rative Welcoop\" \/>\n<meta property=\"og:description\" content=\"To know more about our privacy policy, commitments, data processing and rights, discover the Welcoop Cooperative legal notice.\" \/>\n<meta property=\"og:url\" content=\"https:\/\/www.lacooperativewelcoop.com\/en\/terms-and-conditions\/\" \/>\n<meta property=\"og:site_name\" content=\"La Coop\u00e9rative Welcoop\" \/>\n<meta property=\"article:publisher\" content=\"https:\/\/www.facebook.com\/lacooperativewelcoop\" \/>\n<meta property=\"article:modified_time\" content=\"2019-12-11T14:47:31+00:00\" \/>\n<meta property=\"og:image\" content=\"https:\/\/www.lacooperativewelcoop.com\/wp-content\/uploads\/2019\/08\/logo@2x.png\" \/>\n\t<meta property=\"og:image:width\" content=\"400\" \/>\n\t<meta property=\"og:image:height\" content=\"218\" \/>\n\t<meta property=\"og:image:type\" content=\"image\/png\" \/>\n<meta name=\"twitter:card\" content=\"summary_large_image\" \/>\n<meta name=\"twitter:site\" content=\"@LaCoopWelcoop\" \/>\n<script type=\"application\/ld+json\" class=\"yoast-schema-graph\">{\"@context\":\"https:\\\/\\\/schema.org\",\"@graph\":[{\"@type\":\"WebPage\",\"@id\":\"https:\\\/\\\/www.lacooperativewelcoop.com\\\/en\\\/terms-and-conditions\\\/\",\"url\":\"https:\\\/\\\/www.lacooperativewelcoop.com\\\/en\\\/terms-and-conditions\\\/\",\"name\":\"Terms and conditions - La Coop\u00e9rative Welcoop\",\"isPartOf\":{\"@id\":\"https:\\\/\\\/www.lacooperativewelcoop.com\\\/#website\"},\"datePublished\":\"2019-03-24T19:33:40+00:00\",\"dateModified\":\"2019-12-11T14:47:31+00:00\",\"description\":\"To know more about our privacy policy, commitments, data processing and rights, discover the Welcoop Cooperative legal notice.\",\"breadcrumb\":{\"@id\":\"https:\\\/\\\/www.lacooperativewelcoop.com\\\/en\\\/terms-and-conditions\\\/#breadcrumb\"},\"inLanguage\":\"en-US\",\"potentialAction\":[{\"@type\":\"ReadAction\",\"target\":[\"https:\\\/\\\/www.lacooperativewelcoop.com\\\/en\\\/terms-and-conditions\\\/\"]}]},{\"@type\":\"BreadcrumbList\",\"@id\":\"https:\\\/\\\/www.lacooperativewelcoop.com\\\/en\\\/terms-and-conditions\\\/#breadcrumb\",\"itemListElement\":[{\"@type\":\"ListItem\",\"position\":1,\"name\":\"Accueil\",\"item\":\"https:\\\/\\\/www.lacooperativewelcoop.com\\\/en\\\/\"},{\"@type\":\"ListItem\",\"position\":2,\"name\":\"Terms and conditions\"}]},{\"@type\":\"WebSite\",\"@id\":\"https:\\\/\\\/www.lacooperativewelcoop.com\\\/#website\",\"url\":\"https:\\\/\\\/www.lacooperativewelcoop.com\\\/\",\"name\":\"La Coop\u00e9rative Welcoop\",\"description\":\"Citoyens de la sant\u00e9 et du bien-\u00eatre\",\"publisher\":{\"@id\":\"https:\\\/\\\/www.lacooperativewelcoop.com\\\/#organization\"},\"potentialAction\":[{\"@type\":\"SearchAction\",\"target\":{\"@type\":\"EntryPoint\",\"urlTemplate\":\"https:\\\/\\\/www.lacooperativewelcoop.com\\\/?s={search_term_string}\"},\"query-input\":{\"@type\":\"PropertyValueSpecification\",\"valueRequired\":true,\"valueName\":\"search_term_string\"}}],\"inLanguage\":\"en-US\"},{\"@type\":\"Organization\",\"@id\":\"https:\\\/\\\/www.lacooperativewelcoop.com\\\/#organization\",\"name\":\"La Coop\u00e9rative Welcoop\",\"url\":\"https:\\\/\\\/www.lacooperativewelcoop.com\\\/\",\"logo\":{\"@type\":\"ImageObject\",\"inLanguage\":\"en-US\",\"@id\":\"https:\\\/\\\/www.lacooperativewelcoop.com\\\/#\\\/schema\\\/logo\\\/image\\\/\",\"url\":\"https:\\\/\\\/www.lacooperativewelcoop.com\\\/wp-content\\\/uploads\\\/2019\\\/08\\\/logo@2x.png\",\"contentUrl\":\"https:\\\/\\\/www.lacooperativewelcoop.com\\\/wp-content\\\/uploads\\\/2019\\\/08\\\/logo@2x.png\",\"width\":400,\"height\":218,\"caption\":\"La Coop\u00e9rative Welcoop\"},\"image\":{\"@id\":\"https:\\\/\\\/www.lacooperativewelcoop.com\\\/#\\\/schema\\\/logo\\\/image\\\/\"},\"sameAs\":[\"https:\\\/\\\/www.facebook.com\\\/lacooperativewelcoop\",\"https:\\\/\\\/x.com\\\/LaCoopWelcoop\",\"https:\\\/\\\/www.instagram.com\\\/lacooperativewelcoop\\\/\",\"https:\\\/\\\/www.linkedin.com\\\/company\\\/la-cooperative-welcoop\\\/\",\"https:\\\/\\\/www.youtube.com\\\/playlist?list=PLgsP06JS6FdCOQzquwK_JyDt9fl52quMf\"]}]}<\/script>\n<!-- \/ Yoast SEO plugin. -->","yoast_head_json":{"title":"Terms and conditions - La Coop\u00e9rative Welcoop","description":"To know more about our privacy policy, commitments, data processing and rights, discover the Welcoop Cooperative legal notice.","robots":{"index":"index","follow":"follow","max-snippet":"max-snippet:-1","max-image-preview":"max-image-preview:large","max-video-preview":"max-video-preview:-1"},"canonical":"https:\/\/www.lacooperativewelcoop.com\/en\/terms-and-conditions\/","og_locale":"en_US","og_type":"article","og_title":"Terms and conditions - La Coop\u00e9rative Welcoop","og_description":"To know more about our privacy policy, commitments, data processing and rights, discover the Welcoop Cooperative legal notice.","og_url":"https:\/\/www.lacooperativewelcoop.com\/en\/terms-and-conditions\/","og_site_name":"La Coop\u00e9rative Welcoop","article_publisher":"https:\/\/www.facebook.com\/lacooperativewelcoop","article_modified_time":"2019-12-11T14:47:31+00:00","og_image":[{"width":400,"height":218,"url":"https:\/\/www.lacooperativewelcoop.com\/wp-content\/uploads\/2019\/08\/logo@2x.png","type":"image\/png"}],"twitter_card":"summary_large_image","twitter_site":"@LaCoopWelcoop","schema":{"@context":"https:\/\/schema.org","@graph":[{"@type":"WebPage","@id":"https:\/\/www.lacooperativewelcoop.com\/en\/terms-and-conditions\/","url":"https:\/\/www.lacooperativewelcoop.com\/en\/terms-and-conditions\/","name":"Terms and conditions - La Coop\u00e9rative Welcoop","isPartOf":{"@id":"https:\/\/www.lacooperativewelcoop.com\/#website"},"datePublished":"2019-03-24T19:33:40+00:00","dateModified":"2019-12-11T14:47:31+00:00","description":"To know more about our privacy policy, commitments, data processing and rights, discover the Welcoop Cooperative legal notice.","breadcrumb":{"@id":"https:\/\/www.lacooperativewelcoop.com\/en\/terms-and-conditions\/#breadcrumb"},"inLanguage":"en-US","potentialAction":[{"@type":"ReadAction","target":["https:\/\/www.lacooperativewelcoop.com\/en\/terms-and-conditions\/"]}]},{"@type":"BreadcrumbList","@id":"https:\/\/www.lacooperativewelcoop.com\/en\/terms-and-conditions\/#breadcrumb","itemListElement":[{"@type":"ListItem","position":1,"name":"Accueil","item":"https:\/\/www.lacooperativewelcoop.com\/en\/"},{"@type":"ListItem","position":2,"name":"Terms and conditions"}]},{"@type":"WebSite","@id":"https:\/\/www.lacooperativewelcoop.com\/#website","url":"https:\/\/www.lacooperativewelcoop.com\/","name":"La Coop\u00e9rative Welcoop","description":"Citoyens de la sant\u00e9 et du bien-\u00eatre","publisher":{"@id":"https:\/\/www.lacooperativewelcoop.com\/#organization"},"potentialAction":[{"@type":"SearchAction","target":{"@type":"EntryPoint","urlTemplate":"https:\/\/www.lacooperativewelcoop.com\/?s={search_term_string}"},"query-input":{"@type":"PropertyValueSpecification","valueRequired":true,"valueName":"search_term_string"}}],"inLanguage":"en-US"},{"@type":"Organization","@id":"https:\/\/www.lacooperativewelcoop.com\/#organization","name":"La Coop\u00e9rative Welcoop","url":"https:\/\/www.lacooperativewelcoop.com\/","logo":{"@type":"ImageObject","inLanguage":"en-US","@id":"https:\/\/www.lacooperativewelcoop.com\/#\/schema\/logo\/image\/","url":"https:\/\/www.lacooperativewelcoop.com\/wp-content\/uploads\/2019\/08\/logo@2x.png","contentUrl":"https:\/\/www.lacooperativewelcoop.com\/wp-content\/uploads\/2019\/08\/logo@2x.png","width":400,"height":218,"caption":"La Coop\u00e9rative Welcoop"},"image":{"@id":"https:\/\/www.lacooperativewelcoop.com\/#\/schema\/logo\/image\/"},"sameAs":["https:\/\/www.facebook.com\/lacooperativewelcoop","https:\/\/x.com\/LaCoopWelcoop","https:\/\/www.instagram.com\/lacooperativewelcoop\/","https:\/\/www.linkedin.com\/company\/la-cooperative-welcoop\/","https:\/\/www.youtube.com\/playlist?list=PLgsP06JS6FdCOQzquwK_JyDt9fl52quMf"]}]}},"_links":{"self":[{"href":"https:\/\/www.lacooperativewelcoop.com\/en\/wp-json\/wp\/v2\/pages\/5643","targetHints":{"allow":["GET"]}}],"collection":[{"href":"https:\/\/www.lacooperativewelcoop.com\/en\/wp-json\/wp\/v2\/pages"}],"about":[{"href":"https:\/\/www.lacooperativewelcoop.com\/en\/wp-json\/wp\/v2\/types\/page"}],"author":[{"embeddable":true,"href":"https:\/\/www.lacooperativewelcoop.com\/en\/wp-json\/wp\/v2\/users\/5"}],"replies":[{"embeddable":true,"href":"https:\/\/www.lacooperativewelcoop.com\/en\/wp-json\/wp\/v2\/comments?post=5643"}],"version-history":[{"count":3,"href":"https:\/\/www.lacooperativewelcoop.com\/en\/wp-json\/wp\/v2\/pages\/5643\/revisions"}],"predecessor-version":[{"id":5835,"href":"https:\/\/www.lacooperativewelcoop.com\/en\/wp-json\/wp\/v2\/pages\/5643\/revisions\/5835"}],"wp:attachment":[{"href":"https:\/\/www.lacooperativewelcoop.com\/en\/wp-json\/wp\/v2\/media?parent=5643"}],"curies":[{"name":"wp","href":"https:\/\/api.w.org\/{rel}","templated":true}]}}